{"id":6108,"date":"2025-01-09T06:09:48","date_gmt":"2025-01-09T11:09:48","guid":{"rendered":"https:\/\/museedelacotenord.ca\/?page_id=6108"},"modified":"2025-06-12T08:54:12","modified_gmt":"2025-06-12T12:54:12","slug":"tips-for-your-visit","status":"publish","type":"page","link":"https:\/\/museedelacotenord.ca\/en\/visit\/tips-for-your-visit\/","title":{"rendered":"Tips for your visit"},"content":{"rendered":"\t\t<div data-elementor-type=\"wp-page\" data-elementor-id=\"6108\" class=\"elementor elementor-6108 elementor-820\" data-elementor-post-type=\"page\">\n\t\t\t\t<div class=\"elementor-element elementor-element-9006e79 e-flex e-con-boxed elementor-invisible e-con e-parent\" data-id=\"9006e79\" data-element_type=\"container\" data-settings=\"{&quot;background_background&quot;:&quot;classic&quot;,&quot;jet_parallax_layout_list&quot;:[],&quot;animation&quot;:&quot;fadeIn&quot;}\">\n\t\t\t\t\t<div class=\"e-con-inner\">\n\t\t<div class=\"elementor-element elementor-element-05ae1a6 e-con-full e-flex e-con e-child\" data-id=\"05ae1a6\" data-element_type=\"container\" data-settings=\"{&quot;jet_parallax_layout_list&quot;:[],&quot;background_background&quot;:&quot;classic&quot;,&quot;background_motion_fx_motion_fx_scrolling&quot;:&quot;yes&quot;,&quot;background_motion_fx_devices&quot;:[&quot;desktop&quot;,&quot;tablet&quot;,&quot;mobile&quot;]}\">\n\t\t\t\t<div class=\"elementor-element elementor-element-ba42285 elementor-invisible elementor-widget elementor-widget-image\" data-id=\"ba42285\" data-element_type=\"widget\" data-settings=\"{&quot;_animation&quot;:&quot;fadeInUp&quot;}\" data-widget_type=\"image.default\">\n\t\t\t\t<div class=\"elementor-widget-container\">\n\t\t\t\t\t\t\t\t\t\t\t\t\t\t\t<img fetchpriority=\"high\" decoding=\"async\" width=\"760\" height=\"476\" src=\"https:\/\/museedelacotenord.ca\/wp-content\/uploads\/2024\/11\/visiter1.jpg\" class=\"attachment-large size-large wp-image-515\" alt=\"\" srcset=\"https:\/\/museedelacotenord.ca\/wp-content\/uploads\/2024\/11\/visiter1.jpg 760w, https:\/\/museedelacotenord.ca\/wp-content\/uploads\/2024\/11\/visiter1-300x188.jpg 300w\" sizes=\"(max-width: 760px) 100vw, 760px\" \/>\t\t\t\t\t\t\t\t\t\t\t\t\t\t\t<\/div>\n\t\t\t\t<\/div>\n\t\t\t\t<\/div>\n\t\t<div class=\"elementor-element elementor-element-7a773d8 e-con-full e-flex e-con e-child\" data-id=\"7a773d8\" data-element_type=\"container\" data-settings=\"{&quot;jet_parallax_layout_list&quot;:[]}\">\n\t\t\t\t<div class=\"elementor-element elementor-element-6675294 elementor-widget elementor-widget-heading\" data-id=\"6675294\" data-element_type=\"widget\" data-widget_type=\"heading.default\">\n\t\t\t\t<div class=\"elementor-widget-container\">\n\t\t\t\t\t<h2 class=\"elementor-heading-title elementor-size-default\">Rules<\/h2>\t\t\t\t<\/div>\n\t\t\t\t<\/div>\n\t\t\t\t<div class=\"elementor-element elementor-element-7b03c4c elementor-icon-list--layout-traditional elementor-list-item-link-full_width elementor-invisible elementor-widget elementor-widget-icon-list\" data-id=\"7b03c4c\" data-element_type=\"widget\" data-settings=\"{&quot;_animation&quot;:&quot;fadeInUp&quot;}\" data-widget_type=\"icon-list.default\">\n\t\t\t\t<div class=\"elementor-widget-container\">\n\t\t\t\t\t\t\t<ul class=\"elementor-icon-list-items\">\n\t\t\t\t\t\t\t<li class=\"elementor-icon-list-item\">\n\t\t\t\t\t\t\t\t\t\t\t<span class=\"elementor-icon-list-icon\">\n\t\t\t\t\t\t\t<svg aria-hidden=\"true\" class=\"e-font-icon-svg e-fas-dot-circle\" viewBox=\"0 0 512 512\" xmlns=\"http:\/\/www.w3.org\/2000\/svg\"><path d=\"M256 8C119.033 8 8 119.033 8 256s111.033 248 248 248 248-111.033 248-248S392.967 8 256 8zm80 248c0 44.112-35.888 80-80 80s-80-35.888-80-80 35.888-80 80-80 80 35.888 80 80z\"><\/path><\/svg>\t\t\t\t\t\t<\/span>\n\t\t\t\t\t\t\t\t\t\t<span class=\"elementor-icon-list-text\">Smoking is permitted only outside the Mus\u00e9e.<\/span>\n\t\t\t\t\t\t\t\t\t<\/li>\n\t\t\t\t\t\t\t\t<li class=\"elementor-icon-list-item\">\n\t\t\t\t\t\t\t\t\t\t\t<span class=\"elementor-icon-list-icon\">\n\t\t\t\t\t\t\t<svg aria-hidden=\"true\" class=\"e-font-icon-svg e-fas-dot-circle\" viewBox=\"0 0 512 512\" xmlns=\"http:\/\/www.w3.org\/2000\/svg\"><path d=\"M256 8C119.033 8 8 119.033 8 256s111.033 248 248 248 248-111.033 248-248S392.967 8 256 8zm80 248c0 44.112-35.888 80-80 80s-80-35.888-80-80 35.888-80 80-80 80 35.888 80 80z\"><\/path><\/svg>\t\t\t\t\t\t<\/span>\n\t\t\t\t\t\t\t\t\t\t<span class=\"elementor-icon-list-text\">Eating and drinking are permitted in the designated areas.<\/span>\n\t\t\t\t\t\t\t\t\t<\/li>\n\t\t\t\t\t\t\t\t<li class=\"elementor-icon-list-item\">\n\t\t\t\t\t\t\t\t\t\t\t<span class=\"elementor-icon-list-icon\">\n\t\t\t\t\t\t\t<svg aria-hidden=\"true\" class=\"e-font-icon-svg e-fas-dot-circle\" viewBox=\"0 0 512 512\" xmlns=\"http:\/\/www.w3.org\/2000\/svg\"><path d=\"M256 8C119.033 8 8 119.033 8 256s111.033 248 248 248 248-111.033 248-248S392.967 8 256 8zm80 248c0 44.112-35.888 80-80 80s-80-35.888-80-80 35.888-80 80-80 80 35.888 80 80z\"><\/path><\/svg>\t\t\t\t\t\t<\/span>\n\t\t\t\t\t\t\t\t\t\t<span class=\"elementor-icon-list-text\">Touching objects is generally not permitted except for some objects that are specially indicated in each room. These are usually replicas or objects made for that purpose.<\/span>\n\t\t\t\t\t\t\t\t\t<\/li>\n\t\t\t\t\t\t\t\t<li class=\"elementor-icon-list-item\">\n\t\t\t\t\t\t\t\t\t\t\t<span class=\"elementor-icon-list-icon\">\n\t\t\t\t\t\t\t<svg aria-hidden=\"true\" class=\"e-font-icon-svg e-fas-dot-circle\" viewBox=\"0 0 512 512\" xmlns=\"http:\/\/www.w3.org\/2000\/svg\"><path d=\"M256 8C119.033 8 8 119.033 8 256s111.033 248 248 248 248-111.033 248-248S392.967 8 256 8zm80 248c0 44.112-35.888 80-80 80s-80-35.888-80-80 35.888-80 80-80 80 35.888 80 80z\"><\/path><\/svg>\t\t\t\t\t\t<\/span>\n\t\t\t\t\t\t\t\t\t\t<span class=\"elementor-icon-list-text\">Taking photos of the permanent exhibition is permitted. As for the Mus\u00e9e\u2019s other rooms, please check specifics near the entrance of the room or check with Mus\u00e9e staff.<\/span>\n\t\t\t\t\t\t\t\t\t<\/li>\n\t\t\t\t\t\t\t\t<li class=\"elementor-icon-list-item\">\n\t\t\t\t\t\t\t\t\t\t\t<span class=\"elementor-icon-list-icon\">\n\t\t\t\t\t\t\t<svg aria-hidden=\"true\" class=\"e-font-icon-svg e-fas-dot-circle\" viewBox=\"0 0 512 512\" xmlns=\"http:\/\/www.w3.org\/2000\/svg\"><path d=\"M256 8C119.033 8 8 119.033 8 256s111.033 248 248 248 248-111.033 248-248S392.967 8 256 8zm80 248c0 44.112-35.888 80-80 80s-80-35.888-80-80 35.888-80 80-80 80 35.888 80 80z\"><\/path><\/svg>\t\t\t\t\t\t<\/span>\n\t\t\t\t\t\t\t\t\t\t<span class=\"elementor-icon-list-text\">For your own safety, it is recommended to walk slowly throughout the Mus\u00e9e, taking your time between your starting point and destination.<\/span>\n\t\t\t\t\t\t\t\t\t<\/li>\n\t\t\t\t\t\t\t\t<li class=\"elementor-icon-list-item\">\n\t\t\t\t\t\t\t\t\t\t\t<span class=\"elementor-icon-list-icon\">\n\t\t\t\t\t\t\t<svg aria-hidden=\"true\" class=\"e-font-icon-svg e-fas-dot-circle\" viewBox=\"0 0 512 512\" xmlns=\"http:\/\/www.w3.org\/2000\/svg\"><path d=\"M256 8C119.033 8 8 119.033 8 256s111.033 248 248 248 248-111.033 248-248S392.967 8 256 8zm80 248c0 44.112-35.888 80-80 80s-80-35.888-80-80 35.888-80 80-80 80 35.888 80 80z\"><\/path><\/svg>\t\t\t\t\t\t<\/span>\n\t\t\t\t\t\t\t\t\t\t<span class=\"elementor-icon-list-text\">Talking quietly inside the Mus\u00e9e is permitted. We ask you to speak calmly in order to provide a pleasant atmosphere to both our visitors and staff members who share the space with you.<\/span>\n\t\t\t\t\t\t\t\t\t<\/li>\n\t\t\t\t\t\t\t\t<li class=\"elementor-icon-list-item\">\n\t\t\t\t\t\t\t\t\t\t\t<span class=\"elementor-icon-list-icon\">\n\t\t\t\t\t\t\t<svg aria-hidden=\"true\" class=\"e-font-icon-svg e-fas-dot-circle\" viewBox=\"0 0 512 512\" xmlns=\"http:\/\/www.w3.org\/2000\/svg\"><path d=\"M256 8C119.033 8 8 119.033 8 256s111.033 248 248 248 248-111.033 248-248S392.967 8 256 8zm80 248c0 44.112-35.888 80-80 80s-80-35.888-80-80 35.888-80 80-80 80 35.888 80 80z\"><\/path><\/svg>\t\t\t\t\t\t<\/span>\n\t\t\t\t\t\t\t\t\t\t<span class=\"elementor-icon-list-text\">In order to protect the artwork, we ask that you drop your backpacks off at the reception desk. We will ensure they are returned to you at the end of your visit.<\/span>\n\t\t\t\t\t\t\t\t\t<\/li>\n\t\t\t\t\t\t\t\t<li class=\"elementor-icon-list-item\">\n\t\t\t\t\t\t\t\t\t\t\t<span class=\"elementor-icon-list-icon\">\n\t\t\t\t\t\t\t<svg aria-hidden=\"true\" class=\"e-font-icon-svg e-fas-dot-circle\" viewBox=\"0 0 512 512\" xmlns=\"http:\/\/www.w3.org\/2000\/svg\"><path d=\"M256 8C119.033 8 8 119.033 8 256s111.033 248 248 248 248-111.033 248-248S392.967 8 256 8zm80 248c0 44.112-35.888 80-80 80s-80-35.888-80-80 35.888-80 80-80 80 35.888 80 80z\"><\/path><\/svg>\t\t\t\t\t\t<\/span>\n\t\t\t\t\t\t\t\t\t\t<span class=\"elementor-icon-list-text\">We thank you for helping visits run smoothly and wish you a nice stay with us!<\/span>\n\t\t\t\t\t\t\t\t\t<\/li>\n\t\t\t\t\t\t<\/ul>\n\t\t\t\t\t\t<\/div>\n\t\t\t\t<\/div>\n\t\t\t\t<\/div>\n\t\t\t\t\t<\/div>\n\t\t\t\t<\/div>\n\t\t\t\t<\/div>\n\t\t","protected":false},"excerpt":{"rendered":"<p>Rules Smoking is permitted only outside the Mus\u00e9e. Eating and drinking are permitted in the designated areas. Touching objects is generally not permitted except for some objects that are specially indicated in each room. These are usually replicas or objects made for that purpose. Taking photos of the permanent exhibition is permitted. As for the [&hellip;]<\/p>\n","protected":false},"author":5,"featured_media":0,"parent":6069,"menu_order":0,"comment_status":"closed","ping_status":"closed","template":"","meta":{"_acf_changed":false,"footnotes":""},"class_list":["post-6108","page","type-page","status-publish","hentry"],"acf":[],"yoast_head":"<!-- This site is optimized with the Yoast SEO plugin v25.7 - https:\/\/yoast.com\/wordpress\/plugins\/seo\/ -->\n<title>Tips for your visit | Mus\u00e9e de la C\u00f4te-Nord<\/title>\n<meta name=\"robots\" content=\"index, follow, max-snippet:-1, max-image-preview:large, max-video-preview:-1\" \/>\n<link rel=\"canonical\" href=\"https:\/\/museedelacotenord.ca\/en\/visit\/tips-for-your-visit\/\" \/>\n<meta property=\"og:locale\" content=\"en_US\" \/>\n<meta property=\"og:type\" content=\"article\" \/>\n<meta property=\"og:title\" content=\"Tips for your visit | Mus\u00e9e de la C\u00f4te-Nord\" \/>\n<meta property=\"og:description\" content=\"Rules Smoking is permitted only outside the Mus\u00e9e. Eating and drinking are permitted in the designated areas. Touching objects is generally not permitted except for some objects that are specially indicated in each room. These are usually replicas or objects made for that purpose. Taking photos of the permanent exhibition is permitted. As for the [&hellip;]\" \/>\n<meta property=\"og:url\" content=\"https:\/\/museedelacotenord.ca\/en\/visit\/tips-for-your-visit\/\" \/>\n<meta property=\"og:site_name\" content=\"Mus\u00e9e de la C\u00f4te-Nord\" \/>\n<meta property=\"article:publisher\" content=\"https:\/\/web.facebook.com\/musee.cote.nord\/\" \/>\n<meta property=\"article:modified_time\" content=\"2025-06-12T12:54:12+00:00\" \/>\n<meta property=\"og:image\" content=\"https:\/\/museedelacotenord.ca\/wp-content\/uploads\/2024\/11\/visiter1.jpg\" \/>\n<meta name=\"twitter:card\" content=\"summary_large_image\" \/>\n<meta name=\"twitter:label1\" content=\"Est. reading time\" \/>\n\t<meta name=\"twitter:data1\" content=\"2 minutes\" \/>\n<script type=\"application\/ld+json\" class=\"yoast-schema-graph\">{\"@context\":\"https:\/\/schema.org\",\"@graph\":[{\"@type\":\"WebPage\",\"@id\":\"https:\/\/museedelacotenord.ca\/en\/visit\/tips-for-your-visit\/\",\"url\":\"https:\/\/museedelacotenord.ca\/en\/visit\/tips-for-your-visit\/\",\"name\":\"Tips for your visit | Mus\u00e9e de la C\u00f4te-Nord\",\"isPartOf\":{\"@id\":\"https:\/\/museedelacotenord.ca\/en\/#website\"},\"primaryImageOfPage\":{\"@id\":\"https:\/\/museedelacotenord.ca\/en\/visit\/tips-for-your-visit\/#primaryimage\"},\"image\":{\"@id\":\"https:\/\/museedelacotenord.ca\/en\/visit\/tips-for-your-visit\/#primaryimage\"},\"thumbnailUrl\":\"https:\/\/museedelacotenord.ca\/wp-content\/uploads\/2024\/11\/visiter1.jpg\",\"datePublished\":\"2025-01-09T11:09:48+00:00\",\"dateModified\":\"2025-06-12T12:54:12+00:00\",\"breadcrumb\":{\"@id\":\"https:\/\/museedelacotenord.ca\/en\/visit\/tips-for-your-visit\/#breadcrumb\"},\"inLanguage\":\"en-US\",\"potentialAction\":[{\"@type\":\"ReadAction\",\"target\":[\"https:\/\/museedelacotenord.ca\/en\/visit\/tips-for-your-visit\/\"]}]},{\"@type\":\"ImageObject\",\"inLanguage\":\"en-US\",\"@id\":\"https:\/\/museedelacotenord.ca\/en\/visit\/tips-for-your-visit\/#primaryimage\",\"url\":\"https:\/\/museedelacotenord.ca\/wp-content\/uploads\/2024\/11\/visiter1.jpg\",\"contentUrl\":\"https:\/\/museedelacotenord.ca\/wp-content\/uploads\/2024\/11\/visiter1.jpg\"},{\"@type\":\"BreadcrumbList\",\"@id\":\"https:\/\/museedelacotenord.ca\/en\/visit\/tips-for-your-visit\/#breadcrumb\",\"itemListElement\":[{\"@type\":\"ListItem\",\"position\":1,\"name\":\"Home\",\"item\":\"https:\/\/museedelacotenord.ca\/en\/\"},{\"@type\":\"ListItem\",\"position\":2,\"name\":\"Visit\",\"item\":\"https:\/\/museedelacotenord.ca\/en\/visit\/\"},{\"@type\":\"ListItem\",\"position\":3,\"name\":\"Tips for your visit\"}]},{\"@type\":\"WebSite\",\"@id\":\"https:\/\/museedelacotenord.ca\/en\/#website\",\"url\":\"https:\/\/museedelacotenord.ca\/en\/\",\"name\":\"Mus\u00e9e de la C\u00f4te-Nord\",\"description\":\"\",\"publisher\":{\"@id\":\"https:\/\/museedelacotenord.ca\/en\/#organization\"},\"potentialAction\":[{\"@type\":\"SearchAction\",\"target\":{\"@type\":\"EntryPoint\",\"urlTemplate\":\"https:\/\/museedelacotenord.ca\/en\/?s={search_term_string}\"},\"query-input\":{\"@type\":\"PropertyValueSpecification\",\"valueRequired\":true,\"valueName\":\"search_term_string\"}}],\"inLanguage\":\"en-US\"},{\"@type\":\"Organization\",\"@id\":\"https:\/\/museedelacotenord.ca\/en\/#organization\",\"name\":\"Mus\u00e9e de la C\u00f4te-Nord\",\"url\":\"https:\/\/museedelacotenord.ca\/en\/\",\"logo\":{\"@type\":\"ImageObject\",\"inLanguage\":\"en-US\",\"@id\":\"https:\/\/museedelacotenord.ca\/en\/#\/schema\/logo\/image\/\",\"url\":\"https:\/\/museedelacotenord.ca\/wp-content\/uploads\/2024\/10\/Logo.svg\",\"contentUrl\":\"https:\/\/museedelacotenord.ca\/wp-content\/uploads\/2024\/10\/Logo.svg\",\"width\":121,\"height\":65,\"caption\":\"Mus\u00e9e de la C\u00f4te-Nord\"},\"image\":{\"@id\":\"https:\/\/museedelacotenord.ca\/en\/#\/schema\/logo\/image\/\"},\"sameAs\":[\"https:\/\/web.facebook.com\/musee.cote.nord\/\",\"https:\/\/www.youtube.com\/channel\/UCn8cUNXXQ5W8qnuUIfjdsvQ\"]}]}<\/script>\n<!-- \/ Yoast SEO plugin. -->","yoast_head_json":{"title":"Tips for your visit | Mus\u00e9e de la C\u00f4te-Nord","robots":{"index":"index","follow":"follow","max-snippet":"max-snippet:-1","max-image-preview":"max-image-preview:large","max-video-preview":"max-video-preview:-1"},"canonical":"https:\/\/museedelacotenord.ca\/en\/visit\/tips-for-your-visit\/","og_locale":"en_US","og_type":"article","og_title":"Tips for your visit | Mus\u00e9e de la C\u00f4te-Nord","og_description":"Rules Smoking is permitted only outside the Mus\u00e9e. Eating and drinking are permitted in the designated areas. Touching objects is generally not permitted except for some objects that are specially indicated in each room. These are usually replicas or objects made for that purpose. Taking photos of the permanent exhibition is permitted. As for the [&hellip;]","og_url":"https:\/\/museedelacotenord.ca\/en\/visit\/tips-for-your-visit\/","og_site_name":"Mus\u00e9e de la C\u00f4te-Nord","article_publisher":"https:\/\/web.facebook.com\/musee.cote.nord\/","article_modified_time":"2025-06-12T12:54:12+00:00","og_image":[{"url":"https:\/\/museedelacotenord.ca\/wp-content\/uploads\/2024\/11\/visiter1.jpg","type":"","width":"","height":""}],"twitter_card":"summary_large_image","twitter_misc":{"Est. reading time":"2 minutes"},"schema":{"@context":"https:\/\/schema.org","@graph":[{"@type":"WebPage","@id":"https:\/\/museedelacotenord.ca\/en\/visit\/tips-for-your-visit\/","url":"https:\/\/museedelacotenord.ca\/en\/visit\/tips-for-your-visit\/","name":"Tips for your visit | Mus\u00e9e de la C\u00f4te-Nord","isPartOf":{"@id":"https:\/\/museedelacotenord.ca\/en\/#website"},"primaryImageOfPage":{"@id":"https:\/\/museedelacotenord.ca\/en\/visit\/tips-for-your-visit\/#primaryimage"},"image":{"@id":"https:\/\/museedelacotenord.ca\/en\/visit\/tips-for-your-visit\/#primaryimage"},"thumbnailUrl":"https:\/\/museedelacotenord.ca\/wp-content\/uploads\/2024\/11\/visiter1.jpg","datePublished":"2025-01-09T11:09:48+00:00","dateModified":"2025-06-12T12:54:12+00:00","breadcrumb":{"@id":"https:\/\/museedelacotenord.ca\/en\/visit\/tips-for-your-visit\/#breadcrumb"},"inLanguage":"en-US","potentialAction":[{"@type":"ReadAction","target":["https:\/\/museedelacotenord.ca\/en\/visit\/tips-for-your-visit\/"]}]},{"@type":"ImageObject","inLanguage":"en-US","@id":"https:\/\/museedelacotenord.ca\/en\/visit\/tips-for-your-visit\/#primaryimage","url":"https:\/\/museedelacotenord.ca\/wp-content\/uploads\/2024\/11\/visiter1.jpg","contentUrl":"https:\/\/museedelacotenord.ca\/wp-content\/uploads\/2024\/11\/visiter1.jpg"},{"@type":"BreadcrumbList","@id":"https:\/\/museedelacotenord.ca\/en\/visit\/tips-for-your-visit\/#breadcrumb","itemListElement":[{"@type":"ListItem","position":1,"name":"Home","item":"https:\/\/museedelacotenord.ca\/en\/"},{"@type":"ListItem","position":2,"name":"Visit","item":"https:\/\/museedelacotenord.ca\/en\/visit\/"},{"@type":"ListItem","position":3,"name":"Tips for your visit"}]},{"@type":"WebSite","@id":"https:\/\/museedelacotenord.ca\/en\/#website","url":"https:\/\/museedelacotenord.ca\/en\/","name":"Mus\u00e9e de la C\u00f4te-Nord","description":"","publisher":{"@id":"https:\/\/museedelacotenord.ca\/en\/#organization"},"potentialAction":[{"@type":"SearchAction","target":{"@type":"EntryPoint","urlTemplate":"https:\/\/museedelacotenord.ca\/en\/?s={search_term_string}"},"query-input":{"@type":"PropertyValueSpecification","valueRequired":true,"valueName":"search_term_string"}}],"inLanguage":"en-US"},{"@type":"Organization","@id":"https:\/\/museedelacotenord.ca\/en\/#organization","name":"Mus\u00e9e de la C\u00f4te-Nord","url":"https:\/\/museedelacotenord.ca\/en\/","logo":{"@type":"ImageObject","inLanguage":"en-US","@id":"https:\/\/museedelacotenord.ca\/en\/#\/schema\/logo\/image\/","url":"https:\/\/museedelacotenord.ca\/wp-content\/uploads\/2024\/10\/Logo.svg","contentUrl":"https:\/\/museedelacotenord.ca\/wp-content\/uploads\/2024\/10\/Logo.svg","width":121,"height":65,"caption":"Mus\u00e9e de la C\u00f4te-Nord"},"image":{"@id":"https:\/\/museedelacotenord.ca\/en\/#\/schema\/logo\/image\/"},"sameAs":["https:\/\/web.facebook.com\/musee.cote.nord\/","https:\/\/www.youtube.com\/channel\/UCn8cUNXXQ5W8qnuUIfjdsvQ"]}]}},"_links":{"self":[{"href":"https:\/\/museedelacotenord.ca\/en\/wp-json\/wp\/v2\/pages\/6108","targetHints":{"allow":["GET"]}}],"collection":[{"href":"https:\/\/museedelacotenord.ca\/en\/wp-json\/wp\/v2\/pages"}],"about":[{"href":"https:\/\/museedelacotenord.ca\/en\/wp-json\/wp\/v2\/types\/page"}],"author":[{"embeddable":true,"href":"https:\/\/museedelacotenord.ca\/en\/wp-json\/wp\/v2\/users\/5"}],"replies":[{"embeddable":true,"href":"https:\/\/museedelacotenord.ca\/en\/wp-json\/wp\/v2\/comments?post=6108"}],"version-history":[{"count":5,"href":"https:\/\/museedelacotenord.ca\/en\/wp-json\/wp\/v2\/pages\/6108\/revisions"}],"predecessor-version":[{"id":6113,"href":"https:\/\/museedelacotenord.ca\/en\/wp-json\/wp\/v2\/pages\/6108\/revisions\/6113"}],"up":[{"embeddable":true,"href":"https:\/\/museedelacotenord.ca\/en\/wp-json\/wp\/v2\/pages\/6069"}],"wp:attachment":[{"href":"https:\/\/museedelacotenord.ca\/en\/wp-json\/wp\/v2\/media?parent=6108"}],"curies":[{"name":"wp","href":"https:\/\/api.w.org\/{rel}","templated":true}]}}