{"id":6163,"date":"2025-02-17T07:17:59","date_gmt":"2025-02-17T12:17:59","guid":{"rendered":"https:\/\/museedelacotenord.ca\/?page_id=6163"},"modified":"2025-06-12T09:53:49","modified_gmt":"2025-06-12T13:53:49","slug":"archeology","status":"publish","type":"page","link":"https:\/\/museedelacotenord.ca\/en\/discover\/collections\/archeology\/","title":{"rendered":"Archeology"},"content":{"rendered":"\t\t<div data-elementor-type=\"wp-page\" data-elementor-id=\"6163\" class=\"elementor elementor-6163 elementor-3951\" data-elementor-post-type=\"page\">\n\t\t\t\t<div class=\"elementor-element elementor-element-c46d137 e-flex e-con-boxed elementor-invisible e-con e-parent\" data-id=\"c46d137\" data-element_type=\"container\" data-settings=\"{&quot;background_background&quot;:&quot;classic&quot;,&quot;jet_parallax_layout_list&quot;:[],&quot;animation&quot;:&quot;fadeIn&quot;}\">\n\t\t\t\t\t<div class=\"e-con-inner\">\n\t\t<div class=\"elementor-element elementor-element-b18ae8b e-flex e-con-boxed e-con e-child\" data-id=\"b18ae8b\" data-element_type=\"container\" data-settings=\"{&quot;jet_parallax_layout_list&quot;:[]}\">\n\t\t\t\t\t<div class=\"e-con-inner\">\n\t\t\t\t<div class=\"elementor-element elementor-element-703e500 elementor-invisible elementor-widget elementor-widget-heading\" data-id=\"703e500\" data-element_type=\"widget\" data-settings=\"{&quot;_animation&quot;:&quot;fadeInUp&quot;}\" data-widget_type=\"heading.default\">\n\t\t\t\t<div class=\"elementor-widget-container\">\n\t\t\t\t\t<h2 class=\"elementor-heading-title elementor-size-default\">Archeology<\/h2>\t\t\t\t<\/div>\n\t\t\t\t<\/div>\n\t\t\t\t<div class=\"elementor-element elementor-element-0467d58 elementor-invisible elementor-widget elementor-widget-text-editor\" data-id=\"0467d58\" data-element_type=\"widget\" data-settings=\"{&quot;_animation&quot;:&quot;fadeInUp&quot;}\" data-widget_type=\"text-editor.default\">\n\t\t\t\t<div class=\"elementor-widget-container\">\n\t\t\t\t\t\t\t\t\t<p>The Mus\u00e9e de la C\u00f4te-Nord owns a large collection of archaeological objects. The total collection from the <strong>prehistoric period<\/strong> represents some 1,100 tools and tool fragments, more than 8,000 flakes, and a few dozen ceramic shards, copper pieces and bone fragments.<\/p><p>The majority of these come from the eastern end of the Basse-C\u00f4te-Nord (Brador and Blanc-Sablon regions), though some were found on sites in Haute- and Moyenne-C\u00f4te-Nord (Rivi\u00e8re-Pentec\u00f4te, Port-Cartier, Rapides River and Bouleau River sectors). These artifacts were unearthed during work done between the 1960s and the early 1980s and were found in various contexts\u2014while some objects are incidental discoveries, most were the result of archaeological interventions carried out on the territory of the C\u00f4te-Nord over the years.<\/p><p>The prehistoric artifacts in the collection reflect the periods of occupation during the Palaeo-Indian; the Maritime, Middle and Terminal Archaic (Little Passage and Point Revenge complexes); as well as the Palaeo-Inuit episode of the Groswater and Dorset cultures, representing about 6,000 years of Indigenous history.<\/p>\t\t\t\t\t\t\t\t<\/div>\n\t\t\t\t<\/div>\n\t\t<div class=\"elementor-element elementor-element-3115328 e-con-full e-flex e-con e-child\" data-id=\"3115328\" data-element_type=\"container\" data-settings=\"{&quot;jet_parallax_layout_list&quot;:[]}\">\n\t\t\t\t<div class=\"elementor-element elementor-element-2b20363 elementor-widget elementor-widget-counter\" data-id=\"2b20363\" data-element_type=\"widget\" data-widget_type=\"counter.default\">\n\t\t\t\t<div class=\"elementor-widget-container\">\n\t\t\t\t\t\t\t<div class=\"elementor-counter\">\n\t\t\t<div class=\"elementor-counter-title\">Tools and fragments<\/div>\t\t\t<div class=\"elementor-counter-number-wrapper\">\n\t\t\t\t<span class=\"elementor-counter-number-prefix\">+<\/span>\n\t\t\t\t<span class=\"elementor-counter-number\" data-duration=\"2000\" data-to-value=\"1100\" data-from-value=\"0\" data-delimiter=\",\">0<\/span>\n\t\t\t\t<span class=\"elementor-counter-number-suffix\"><\/span>\n\t\t\t<\/div>\n\t\t<\/div>\n\t\t\t\t\t\t<\/div>\n\t\t\t\t<\/div>\n\t\t\t\t<div class=\"elementor-element elementor-element-3338a05 elementor-widget elementor-widget-counter\" data-id=\"3338a05\" data-element_type=\"widget\" data-widget_type=\"counter.default\">\n\t\t\t\t<div class=\"elementor-widget-container\">\n\t\t\t\t\t\t\t<div class=\"elementor-counter\">\n\t\t\t<div class=\"elementor-counter-title\">splinters<\/div>\t\t\t<div class=\"elementor-counter-number-wrapper\">\n\t\t\t\t<span class=\"elementor-counter-number-prefix\">+<\/span>\n\t\t\t\t<span class=\"elementor-counter-number\" data-duration=\"2000\" data-to-value=\"8000\" data-from-value=\"0\" data-delimiter=\",\">0<\/span>\n\t\t\t\t<span class=\"elementor-counter-number-suffix\"><\/span>\n\t\t\t<\/div>\n\t\t<\/div>\n\t\t\t\t\t\t<\/div>\n\t\t\t\t<\/div>\n\t\t\t\t<\/div>\n\t\t\t\t\t<\/div>\n\t\t\t\t<\/div>\n\t\t\t\t\t<\/div>\n\t\t\t\t<\/div>\n\t\t<div class=\"elementor-element elementor-element-f921cf0 e-flex e-con-boxed elementor-invisible e-con e-parent\" data-id=\"f921cf0\" data-element_type=\"container\" data-settings=\"{&quot;background_background&quot;:&quot;classic&quot;,&quot;jet_parallax_layout_list&quot;:[],&quot;animation&quot;:&quot;fadeIn&quot;}\">\n\t\t\t\t\t<div class=\"e-con-inner\">\n\t\t<div class=\"elementor-element elementor-element-a482e8f e-con-full e-flex elementor-invisible e-con e-child\" data-id=\"a482e8f\" data-element_type=\"container\" data-settings=\"{&quot;jet_parallax_layout_list&quot;:[],&quot;animation&quot;:&quot;fadeInUp&quot;}\">\n\t\t\t\t<div class=\"elementor-element elementor-element-c529453 elementor-invisible elementor-widget elementor-widget-heading\" data-id=\"c529453\" data-element_type=\"widget\" data-settings=\"{&quot;_animation&quot;:&quot;fadeInUp&quot;}\" data-widget_type=\"heading.default\">\n\t\t\t\t<div class=\"elementor-widget-container\">\n\t\t\t\t\t<h2 class=\"elementor-heading-title elementor-size-default\">The Brador fishing post<\/h2>\t\t\t\t<\/div>\n\t\t\t\t<\/div>\n\t\t\t\t<div class=\"elementor-element elementor-element-13f5b0e elementor-invisible elementor-widget elementor-widget-text-editor\" data-id=\"13f5b0e\" data-element_type=\"widget\" data-settings=\"{&quot;_animation&quot;:&quot;fadeInUp&quot;}\" data-widget_type=\"text-editor.default\">\n\t\t\t\t<div class=\"elementor-widget-container\">\n\t\t\t\t\t\t\t\t\t<p>During the 1980s, the Brador fishing post, north-west of Lourdes-de-Blanc-Sablon, revealed a rich and complex past. The region was home to a succession of Breton, Norman, Basque, Spanish and Euro-Canadian fishermen and merchants, whose activities centred on seal and whale hunting, salmon fishing and trading. The concession granted circa 1705 to its first grantee, Augustin Le Gardeur de Courtemanche, had the appearance of a permanent colony where up to a hundred people of French, Canadian and Indigenous descent could live during the busy season. More in-depth excavation of the main residence of this site led to the discovery of an exceptional collection of several thousand artifacts, entrusted to the Mus\u00e9e de la C\u00f4te-Nord, showing numerous aspects of the social and economic life during that period.<\/p>\t\t\t\t\t\t\t\t<\/div>\n\t\t\t\t<\/div>\n\t\t\t\t<div class=\"elementor-element elementor-element-bf81ca7 elementor-invisible elementor-widget elementor-widget-button\" data-id=\"bf81ca7\" data-element_type=\"widget\" data-settings=\"{&quot;_animation&quot;:&quot;fadeInUp&quot;}\" data-widget_type=\"button.default\">\n\t\t\t\t<div class=\"elementor-widget-container\">\n\t\t\t\t\t\t\t\t\t<div class=\"elementor-button-wrapper\">\n\t\t\t\t\t<a class=\"elementor-button elementor-button-link elementor-size-sm\" href=\"https:\/\/skfb.ly\/p9VPE\" target=\"_blank\">\n\t\t\t\t\t\t<span class=\"elementor-button-content-wrapper\">\n\t\t\t\t\t\t\t\t\t<span class=\"elementor-button-text\">Discover the collection<\/span>\n\t\t\t\t\t<\/span>\n\t\t\t\t\t<\/a>\n\t\t\t\t<\/div>\n\t\t\t\t\t\t\t\t<\/div>\n\t\t\t\t<\/div>\n\t\t\t\t<\/div>\n\t\t<div class=\"elementor-element elementor-element-9b07a69 e-con-full e-flex e-con e-child\" data-id=\"9b07a69\" data-element_type=\"container\" data-settings=\"{&quot;jet_parallax_layout_list&quot;:[],&quot;background_background&quot;:&quot;classic&quot;}\">\n\t\t\t\t<div class=\"elementor-element elementor-element-18b4fb2 elementor-invisible elementor-widget elementor-widget-image\" data-id=\"18b4fb2\" data-element_type=\"widget\" data-settings=\"{&quot;_animation&quot;:&quot;fadeInUp&quot;}\" data-widget_type=\"image.default\">\n\t\t\t\t<div class=\"elementor-widget-container\">\n\t\t\t\t\t\t\t\t\t\t\t\t\t\t\t<img fetchpriority=\"high\" decoding=\"async\" width=\"579\" height=\"436\" src=\"https:\/\/museedelacotenord.ca\/wp-content\/uploads\/2025\/02\/Le-poste-de-peche-de-Brador.png\" class=\"attachment-large size-large wp-image-3367\" alt=\"\" srcset=\"https:\/\/museedelacotenord.ca\/wp-content\/uploads\/2025\/02\/Le-poste-de-peche-de-Brador.png 579w, https:\/\/museedelacotenord.ca\/wp-content\/uploads\/2025\/02\/Le-poste-de-peche-de-Brador-300x226.png 300w\" sizes=\"(max-width: 579px) 100vw, 579px\" \/>\t\t\t\t\t\t\t\t\t\t\t\t\t\t\t<\/div>\n\t\t\t\t<\/div>\n\t\t\t\t<\/div>\n\t\t\t\t\t<\/div>\n\t\t\t\t<\/div>\n\t\t<div class=\"elementor-element elementor-element-3b73fe4 e-flex e-con-boxed elementor-invisible e-con e-parent\" data-id=\"3b73fe4\" data-element_type=\"container\" data-settings=\"{&quot;background_background&quot;:&quot;classic&quot;,&quot;jet_parallax_layout_list&quot;:[],&quot;animation&quot;:&quot;fadeIn&quot;}\">\n\t\t\t\t\t<div class=\"e-con-inner\">\n\t\t<div class=\"elementor-element elementor-element-c818ede e-con-full e-flex e-con e-child\" data-id=\"c818ede\" data-element_type=\"container\" data-settings=\"{&quot;jet_parallax_layout_list&quot;:[]}\">\n\t\t\t\t<div class=\"elementor-element elementor-element-7402390 elementor-widget elementor-widget-image\" data-id=\"7402390\" data-element_type=\"widget\" data-widget_type=\"image.default\">\n\t\t\t\t<div class=\"elementor-widget-container\">\n\t\t\t\t\t\t\t\t\t\t\t\t\t\t\t<img decoding=\"async\" width=\"322\" height=\"322\" src=\"https:\/\/museedelacotenord.ca\/wp-content\/uploads\/2024\/11\/Group-58.png\" class=\"attachment-large size-large wp-image-479\" alt=\"\" srcset=\"https:\/\/museedelacotenord.ca\/wp-content\/uploads\/2024\/11\/Group-58.png 322w, https:\/\/museedelacotenord.ca\/wp-content\/uploads\/2024\/11\/Group-58-300x300.png 300w, https:\/\/museedelacotenord.ca\/wp-content\/uploads\/2024\/11\/Group-58-150x150.png 150w\" sizes=\"(max-width: 322px) 100vw, 322px\" \/>\t\t\t\t\t\t\t\t\t\t\t\t\t\t\t<\/div>\n\t\t\t\t<\/div>\n\t\t\t\t<div class=\"elementor-element elementor-element-446b25f elementor-invisible elementor-widget elementor-widget-heading\" data-id=\"446b25f\" data-element_type=\"widget\" data-settings=\"{&quot;_animation&quot;:&quot;fadeInUp&quot;}\" data-widget_type=\"heading.default\">\n\t\t\t\t<div class=\"elementor-widget-container\">\n\t\t\t\t\t<h2 class=\"elementor-heading-title elementor-size-default\">VIEUX-POSTE<\/br>\nDE SEPT-\u00ceLES<\/h2>\t\t\t\t<\/div>\n\t\t\t\t<\/div>\n\t\t\t\t<div class=\"elementor-element elementor-element-65466aa elementor-invisible elementor-widget elementor-widget-text-editor\" data-id=\"65466aa\" data-element_type=\"widget\" data-settings=\"{&quot;_animation&quot;:&quot;fadeInUp&quot;}\" data-widget_type=\"text-editor.default\">\n\t\t\t\t<div class=\"elementor-widget-container\">\n\t\t\t\t\t\t\t\t\t<p>The Sept-\u00celes trading post was founded circa 1673 by a group of French-Canadian traders. Famous explorer Louis Jolliet joined its operations a few years later. This trading post, which depended on the contribution of Innu and Naskapi hunters, was part of the King\u2019s Domain\u00a0, an expansive territory stretching from \u00cele aux Coudres to the Moisie River rented to merchants by the state. In 1759, it was destroyed by the British fleet on their way to conquer Quebec City. Under British rule, it was operated by several shareholders before the North West Company, followed by the Hudson\u2019s Bay Company, took control of its destiny from 1831 until it shut down in 1842.<br \/>In the trading post\u2019s heyday, in the 19<sup>th<\/sup> century, salmon from the Moisie River and the oil of seals hunted within the Sept-\u00celes Archipelago joined fur exports (beaver, marten, mink, fox, etc.) to the European market. The ongoing historical reconstruction of the trading post, visited by thousands annually, is inspired by an inventory of buildings done by Edward Harrison in 1786.<\/p>\t\t\t\t\t\t\t\t<\/div>\n\t\t\t\t<\/div>\n\t\t\t\t<div class=\"elementor-element elementor-element-776e66a elementor-mobile-align-center elementor-invisible elementor-widget elementor-widget-button\" data-id=\"776e66a\" data-element_type=\"widget\" data-settings=\"{&quot;_animation&quot;:&quot;fadeInUp&quot;}\" data-widget_type=\"button.default\">\n\t\t\t\t<div class=\"elementor-widget-container\">\n\t\t\t\t\t\t\t\t\t<div class=\"elementor-button-wrapper\">\n\t\t\t\t\t<a class=\"elementor-button elementor-button-link elementor-size-sm\" href=\"https:\/\/vieuxposte.com\/\" target=\"_blank\">\n\t\t\t\t\t\t<span class=\"elementor-button-content-wrapper\">\n\t\t\t\t\t\t\t\t\t<span class=\"elementor-button-text\">VISIT VIEUX-POSTE<\/span>\n\t\t\t\t\t<\/span>\n\t\t\t\t\t<\/a>\n\t\t\t\t<\/div>\n\t\t\t\t\t\t\t\t<\/div>\n\t\t\t\t<\/div>\n\t\t\t\t<\/div>\n\t\t<div class=\"elementor-element elementor-element-9b4f9d1 e-con-full elementor-hidden-mobile e-flex e-con e-child\" data-id=\"9b4f9d1\" data-element_type=\"container\" data-settings=\"{&quot;jet_parallax_layout_list&quot;:[]}\">\n\t\t\t\t<div class=\"elementor-element elementor-element-40aafd5 elementor-widget elementor-widget-image\" data-id=\"40aafd5\" data-element_type=\"widget\" data-widget_type=\"image.default\">\n\t\t\t\t<div class=\"elementor-widget-container\">\n\t\t\t\t\t\t\t\t\t\t\t\t\t\t\t<img decoding=\"async\" width=\"703\" height=\"1024\" src=\"https:\/\/museedelacotenord.ca\/wp-content\/uploads\/2024\/11\/gravure-feu-camp-703x1024-1.png\" class=\"attachment-large size-large wp-image-478\" alt=\"\" srcset=\"https:\/\/museedelacotenord.ca\/wp-content\/uploads\/2024\/11\/gravure-feu-camp-703x1024-1.png 703w, https:\/\/museedelacotenord.ca\/wp-content\/uploads\/2024\/11\/gravure-feu-camp-703x1024-1-206x300.png 206w\" sizes=\"(max-width: 703px) 100vw, 703px\" \/>\t\t\t\t\t\t\t\t\t\t\t\t\t\t\t<\/div>\n\t\t\t\t<\/div>\n\t\t\t\t<\/div>\n\t\t\t\t\t<\/div>\n\t\t\t\t<\/div>\n\t\t\t\t<\/div>\n\t\t","protected":false},"excerpt":{"rendered":"<p>Archeology The Mus\u00e9e de la C\u00f4te-Nord owns a large collection of archaeological objects. The total collection from the prehistoric period represents some 1,100 tools and tool fragments, more than 8,000 flakes, and a few dozen ceramic shards, copper pieces and bone fragments. The majority of these come from the eastern end of the Basse-C\u00f4te-Nord (Brador [&hellip;]<\/p>\n","protected":false},"author":5,"featured_media":0,"parent":6154,"menu_order":0,"comment_status":"closed","ping_status":"closed","template":"","meta":{"_acf_changed":false,"footnotes":""},"class_list":["post-6163","page","type-page","status-publish","hentry"],"acf":[],"yoast_head":"<!-- This site is optimized with the Yoast SEO plugin v25.7 - https:\/\/yoast.com\/wordpress\/plugins\/seo\/ -->\n<title>Archeology | Mus\u00e9e de la C\u00f4te-Nord<\/title>\n<meta name=\"robots\" content=\"index, follow, max-snippet:-1, max-image-preview:large, max-video-preview:-1\" \/>\n<link rel=\"canonical\" href=\"https:\/\/museedelacotenord.ca\/en\/discover\/collections\/archeology\/\" \/>\n<meta property=\"og:locale\" content=\"en_US\" \/>\n<meta property=\"og:type\" content=\"article\" \/>\n<meta property=\"og:title\" content=\"Archeology | Mus\u00e9e de la C\u00f4te-Nord\" \/>\n<meta property=\"og:description\" content=\"Archeology The Mus\u00e9e de la C\u00f4te-Nord owns a large collection of archaeological objects. The total collection from the prehistoric period represents some 1,100 tools and tool fragments, more than 8,000 flakes, and a few dozen ceramic shards, copper pieces and bone fragments. The majority of these come from the eastern end of the Basse-C\u00f4te-Nord (Brador [&hellip;]\" \/>\n<meta property=\"og:url\" content=\"https:\/\/museedelacotenord.ca\/en\/discover\/collections\/archeology\/\" \/>\n<meta property=\"og:site_name\" content=\"Mus\u00e9e de la C\u00f4te-Nord\" \/>\n<meta property=\"article:publisher\" content=\"https:\/\/web.facebook.com\/musee.cote.nord\/\" \/>\n<meta property=\"article:modified_time\" content=\"2025-06-12T13:53:49+00:00\" \/>\n<meta property=\"og:image\" content=\"https:\/\/museedelacotenord.ca\/wp-content\/uploads\/2025\/02\/Le-poste-de-peche-de-Brador.png\" \/>\n\t<meta property=\"og:image:width\" content=\"579\" \/>\n\t<meta property=\"og:image:height\" content=\"436\" \/>\n\t<meta property=\"og:image:type\" content=\"image\/png\" \/>\n<meta name=\"twitter:card\" content=\"summary_large_image\" \/>\n<meta name=\"twitter:label1\" content=\"Est. reading time\" \/>\n\t<meta name=\"twitter:data1\" content=\"3 minutes\" \/>\n<script type=\"application\/ld+json\" class=\"yoast-schema-graph\">{\"@context\":\"https:\/\/schema.org\",\"@graph\":[{\"@type\":\"WebPage\",\"@id\":\"https:\/\/museedelacotenord.ca\/en\/discover\/collections\/archeology\/\",\"url\":\"https:\/\/museedelacotenord.ca\/en\/discover\/collections\/archeology\/\",\"name\":\"Archeology | Mus\u00e9e de la C\u00f4te-Nord\",\"isPartOf\":{\"@id\":\"https:\/\/museedelacotenord.ca\/en\/#website\"},\"primaryImageOfPage\":{\"@id\":\"https:\/\/museedelacotenord.ca\/en\/discover\/collections\/archeology\/#primaryimage\"},\"image\":{\"@id\":\"https:\/\/museedelacotenord.ca\/en\/discover\/collections\/archeology\/#primaryimage\"},\"thumbnailUrl\":\"https:\/\/museedelacotenord.ca\/wp-content\/uploads\/2025\/02\/Le-poste-de-peche-de-Brador.png\",\"datePublished\":\"2025-02-17T12:17:59+00:00\",\"dateModified\":\"2025-06-12T13:53:49+00:00\",\"breadcrumb\":{\"@id\":\"https:\/\/museedelacotenord.ca\/en\/discover\/collections\/archeology\/#breadcrumb\"},\"inLanguage\":\"en-US\",\"potentialAction\":[{\"@type\":\"ReadAction\",\"target\":[\"https:\/\/museedelacotenord.ca\/en\/discover\/collections\/archeology\/\"]}]},{\"@type\":\"ImageObject\",\"inLanguage\":\"en-US\",\"@id\":\"https:\/\/museedelacotenord.ca\/en\/discover\/collections\/archeology\/#primaryimage\",\"url\":\"https:\/\/museedelacotenord.ca\/wp-content\/uploads\/2025\/02\/Le-poste-de-peche-de-Brador.png\",\"contentUrl\":\"https:\/\/museedelacotenord.ca\/wp-content\/uploads\/2025\/02\/Le-poste-de-peche-de-Brador.png\"},{\"@type\":\"BreadcrumbList\",\"@id\":\"https:\/\/museedelacotenord.ca\/en\/discover\/collections\/archeology\/#breadcrumb\",\"itemListElement\":[{\"@type\":\"ListItem\",\"position\":1,\"name\":\"Home\",\"item\":\"https:\/\/museedelacotenord.ca\/en\/\"},{\"@type\":\"ListItem\",\"position\":2,\"name\":\"Discover\",\"item\":\"https:\/\/museedelacotenord.ca\/en\/discover\/\"},{\"@type\":\"ListItem\",\"position\":3,\"name\":\"Collections\",\"item\":\"https:\/\/museedelacotenord.ca\/en\/discover\/collections\/\"},{\"@type\":\"ListItem\",\"position\":4,\"name\":\"Archeology\"}]},{\"@type\":\"WebSite\",\"@id\":\"https:\/\/museedelacotenord.ca\/en\/#website\",\"url\":\"https:\/\/museedelacotenord.ca\/en\/\",\"name\":\"Mus\u00e9e de la C\u00f4te-Nord\",\"description\":\"\",\"publisher\":{\"@id\":\"https:\/\/museedelacotenord.ca\/en\/#organization\"},\"potentialAction\":[{\"@type\":\"SearchAction\",\"target\":{\"@type\":\"EntryPoint\",\"urlTemplate\":\"https:\/\/museedelacotenord.ca\/en\/?s={search_term_string}\"},\"query-input\":{\"@type\":\"PropertyValueSpecification\",\"valueRequired\":true,\"valueName\":\"search_term_string\"}}],\"inLanguage\":\"en-US\"},{\"@type\":\"Organization\",\"@id\":\"https:\/\/museedelacotenord.ca\/en\/#organization\",\"name\":\"Mus\u00e9e de la C\u00f4te-Nord\",\"url\":\"https:\/\/museedelacotenord.ca\/en\/\",\"logo\":{\"@type\":\"ImageObject\",\"inLanguage\":\"en-US\",\"@id\":\"https:\/\/museedelacotenord.ca\/en\/#\/schema\/logo\/image\/\",\"url\":\"https:\/\/museedelacotenord.ca\/wp-content\/uploads\/2024\/10\/Logo.svg\",\"contentUrl\":\"https:\/\/museedelacotenord.ca\/wp-content\/uploads\/2024\/10\/Logo.svg\",\"width\":121,\"height\":65,\"caption\":\"Mus\u00e9e de la C\u00f4te-Nord\"},\"image\":{\"@id\":\"https:\/\/museedelacotenord.ca\/en\/#\/schema\/logo\/image\/\"},\"sameAs\":[\"https:\/\/web.facebook.com\/musee.cote.nord\/\",\"https:\/\/www.youtube.com\/channel\/UCn8cUNXXQ5W8qnuUIfjdsvQ\"]}]}<\/script>\n<!-- \/ Yoast SEO plugin. -->","yoast_head_json":{"title":"Archeology | Mus\u00e9e de la C\u00f4te-Nord","robots":{"index":"index","follow":"follow","max-snippet":"max-snippet:-1","max-image-preview":"max-image-preview:large","max-video-preview":"max-video-preview:-1"},"canonical":"https:\/\/museedelacotenord.ca\/en\/discover\/collections\/archeology\/","og_locale":"en_US","og_type":"article","og_title":"Archeology | Mus\u00e9e de la C\u00f4te-Nord","og_description":"Archeology The Mus\u00e9e de la C\u00f4te-Nord owns a large collection of archaeological objects. The total collection from the prehistoric period represents some 1,100 tools and tool fragments, more than 8,000 flakes, and a few dozen ceramic shards, copper pieces and bone fragments. The majority of these come from the eastern end of the Basse-C\u00f4te-Nord (Brador [&hellip;]","og_url":"https:\/\/museedelacotenord.ca\/en\/discover\/collections\/archeology\/","og_site_name":"Mus\u00e9e de la C\u00f4te-Nord","article_publisher":"https:\/\/web.facebook.com\/musee.cote.nord\/","article_modified_time":"2025-06-12T13:53:49+00:00","og_image":[{"width":579,"height":436,"url":"https:\/\/museedelacotenord.ca\/wp-content\/uploads\/2025\/02\/Le-poste-de-peche-de-Brador.png","type":"image\/png"}],"twitter_card":"summary_large_image","twitter_misc":{"Est. reading time":"3 minutes"},"schema":{"@context":"https:\/\/schema.org","@graph":[{"@type":"WebPage","@id":"https:\/\/museedelacotenord.ca\/en\/discover\/collections\/archeology\/","url":"https:\/\/museedelacotenord.ca\/en\/discover\/collections\/archeology\/","name":"Archeology | Mus\u00e9e de la C\u00f4te-Nord","isPartOf":{"@id":"https:\/\/museedelacotenord.ca\/en\/#website"},"primaryImageOfPage":{"@id":"https:\/\/museedelacotenord.ca\/en\/discover\/collections\/archeology\/#primaryimage"},"image":{"@id":"https:\/\/museedelacotenord.ca\/en\/discover\/collections\/archeology\/#primaryimage"},"thumbnailUrl":"https:\/\/museedelacotenord.ca\/wp-content\/uploads\/2025\/02\/Le-poste-de-peche-de-Brador.png","datePublished":"2025-02-17T12:17:59+00:00","dateModified":"2025-06-12T13:53:49+00:00","breadcrumb":{"@id":"https:\/\/museedelacotenord.ca\/en\/discover\/collections\/archeology\/#breadcrumb"},"inLanguage":"en-US","potentialAction":[{"@type":"ReadAction","target":["https:\/\/museedelacotenord.ca\/en\/discover\/collections\/archeology\/"]}]},{"@type":"ImageObject","inLanguage":"en-US","@id":"https:\/\/museedelacotenord.ca\/en\/discover\/collections\/archeology\/#primaryimage","url":"https:\/\/museedelacotenord.ca\/wp-content\/uploads\/2025\/02\/Le-poste-de-peche-de-Brador.png","contentUrl":"https:\/\/museedelacotenord.ca\/wp-content\/uploads\/2025\/02\/Le-poste-de-peche-de-Brador.png"},{"@type":"BreadcrumbList","@id":"https:\/\/museedelacotenord.ca\/en\/discover\/collections\/archeology\/#breadcrumb","itemListElement":[{"@type":"ListItem","position":1,"name":"Home","item":"https:\/\/museedelacotenord.ca\/en\/"},{"@type":"ListItem","position":2,"name":"Discover","item":"https:\/\/museedelacotenord.ca\/en\/discover\/"},{"@type":"ListItem","position":3,"name":"Collections","item":"https:\/\/museedelacotenord.ca\/en\/discover\/collections\/"},{"@type":"ListItem","position":4,"name":"Archeology"}]},{"@type":"WebSite","@id":"https:\/\/museedelacotenord.ca\/en\/#website","url":"https:\/\/museedelacotenord.ca\/en\/","name":"Mus\u00e9e de la C\u00f4te-Nord","description":"","publisher":{"@id":"https:\/\/museedelacotenord.ca\/en\/#organization"},"potentialAction":[{"@type":"SearchAction","target":{"@type":"EntryPoint","urlTemplate":"https:\/\/museedelacotenord.ca\/en\/?s={search_term_string}"},"query-input":{"@type":"PropertyValueSpecification","valueRequired":true,"valueName":"search_term_string"}}],"inLanguage":"en-US"},{"@type":"Organization","@id":"https:\/\/museedelacotenord.ca\/en\/#organization","name":"Mus\u00e9e de la C\u00f4te-Nord","url":"https:\/\/museedelacotenord.ca\/en\/","logo":{"@type":"ImageObject","inLanguage":"en-US","@id":"https:\/\/museedelacotenord.ca\/en\/#\/schema\/logo\/image\/","url":"https:\/\/museedelacotenord.ca\/wp-content\/uploads\/2024\/10\/Logo.svg","contentUrl":"https:\/\/museedelacotenord.ca\/wp-content\/uploads\/2024\/10\/Logo.svg","width":121,"height":65,"caption":"Mus\u00e9e de la C\u00f4te-Nord"},"image":{"@id":"https:\/\/museedelacotenord.ca\/en\/#\/schema\/logo\/image\/"},"sameAs":["https:\/\/web.facebook.com\/musee.cote.nord\/","https:\/\/www.youtube.com\/channel\/UCn8cUNXXQ5W8qnuUIfjdsvQ"]}]}},"_links":{"self":[{"href":"https:\/\/museedelacotenord.ca\/en\/wp-json\/wp\/v2\/pages\/6163","targetHints":{"allow":["GET"]}}],"collection":[{"href":"https:\/\/museedelacotenord.ca\/en\/wp-json\/wp\/v2\/pages"}],"about":[{"href":"https:\/\/museedelacotenord.ca\/en\/wp-json\/wp\/v2\/types\/page"}],"author":[{"embeddable":true,"href":"https:\/\/museedelacotenord.ca\/en\/wp-json\/wp\/v2\/users\/5"}],"replies":[{"embeddable":true,"href":"https:\/\/museedelacotenord.ca\/en\/wp-json\/wp\/v2\/comments?post=6163"}],"version-history":[{"count":5,"href":"https:\/\/museedelacotenord.ca\/en\/wp-json\/wp\/v2\/pages\/6163\/revisions"}],"predecessor-version":[{"id":7320,"href":"https:\/\/museedelacotenord.ca\/en\/wp-json\/wp\/v2\/pages\/6163\/revisions\/7320"}],"up":[{"embeddable":true,"href":"https:\/\/museedelacotenord.ca\/en\/wp-json\/wp\/v2\/pages\/6154"}],"wp:attachment":[{"href":"https:\/\/museedelacotenord.ca\/en\/wp-json\/wp\/v2\/media?parent=6163"}],"curies":[{"name":"wp","href":"https:\/\/api.w.org\/{rel}","templated":true}]}}