{"id":6183,"date":"2025-02-17T07:20:09","date_gmt":"2025-02-17T12:20:09","guid":{"rendered":"https:\/\/museedelacotenord.ca\/?page_id=6183"},"modified":"2025-06-12T10:12:48","modified_gmt":"2025-06-12T14:12:48","slug":"natural-sciences","status":"publish","type":"page","link":"https:\/\/museedelacotenord.ca\/en\/discover\/collections\/natural-sciences\/","title":{"rendered":"Natural sciences"},"content":{"rendered":"\t\t<div data-elementor-type=\"wp-page\" data-elementor-id=\"6183\" class=\"elementor elementor-6183 elementor-3956\" data-elementor-post-type=\"page\">\n\t\t\t\t<div class=\"elementor-element elementor-element-29e6441 e-flex e-con-boxed elementor-invisible e-con e-parent\" data-id=\"29e6441\" data-element_type=\"container\" data-settings=\"{&quot;background_background&quot;:&quot;classic&quot;,&quot;jet_parallax_layout_list&quot;:[],&quot;animation&quot;:&quot;fadeIn&quot;}\">\n\t\t\t\t\t<div class=\"e-con-inner\">\n\t\t<div class=\"elementor-element elementor-element-74964dd e-flex e-con-boxed e-con e-child\" data-id=\"74964dd\" data-element_type=\"container\" data-settings=\"{&quot;jet_parallax_layout_list&quot;:[]}\">\n\t\t\t\t\t<div class=\"e-con-inner\">\n\t\t\t\t<div class=\"elementor-element elementor-element-363d10d elementor-invisible elementor-widget elementor-widget-heading\" data-id=\"363d10d\" data-element_type=\"widget\" data-settings=\"{&quot;_animation&quot;:&quot;fadeInUp&quot;}\" data-widget_type=\"heading.default\">\n\t\t\t\t<div class=\"elementor-widget-container\">\n\t\t\t\t\t<h2 class=\"elementor-heading-title elementor-size-default\">Natural sciences<\/h2>\t\t\t\t<\/div>\n\t\t\t\t<\/div>\n\t\t\t\t<div class=\"elementor-element elementor-element-10d130a elementor-invisible elementor-widget elementor-widget-text-editor\" data-id=\"10d130a\" data-element_type=\"widget\" data-settings=\"{&quot;_animation&quot;:&quot;fadeInUp&quot;}\" data-widget_type=\"text-editor.default\">\n\t\t\t\t<div class=\"elementor-widget-container\">\n\t\t\t\t\t\t\t\t\t<p>The natural sciences collection is split into two major components: the wildlife subseries and the mineralogy subseries.Over half the 132 specimens comprising the former are stuffed animal specimens obtained by the Mus\u00e9e during the 1980s thanks to donations from the Ville de Sept-\u00celes, the Royal Canadian Mounted Police and the minist\u00e8re du Loisir, de la Chasse et de la P\u00eache du Qu\u00e9bec. In particular, 51 specimens were purchased from Studio Caribou, which used to be based in Sept-\u00celes. Those bear accession numbers starting with 1980, 1981 and 1982.<\/p><p>The stuffed animal specimens are representative of the Canadian boreal forest. They represent animals such as the black bear, stoat, American mink, Canadian lynx, beaver and groundhog (marmot). Many species of duck, including the common eider, common scoter and common murre (common guillemot), as well as birds of prey, such as the boreal owl (Tengmalm\u2019s owl), great horned owl (tiger owl) and snowy owl (white owl) are also represented. Lastly, it also contains 6 fish specimens, including a lake trout and an Arctic char.<\/p>\t\t\t\t\t\t\t\t<\/div>\n\t\t\t\t<\/div>\n\t\t<div class=\"elementor-element elementor-element-027fee4 e-con-full e-flex e-con e-child\" data-id=\"027fee4\" data-element_type=\"container\" data-settings=\"{&quot;jet_parallax_layout_list&quot;:[]}\">\n\t\t\t\t<div class=\"elementor-element elementor-element-b4e2d54 elementor-widget elementor-widget-counter\" data-id=\"b4e2d54\" data-element_type=\"widget\" data-widget_type=\"counter.default\">\n\t\t\t\t<div class=\"elementor-widget-container\">\n\t\t\t\t\t\t\t<div class=\"elementor-counter\">\n\t\t\t<div class=\"elementor-counter-title\">Items<\/div>\t\t\t<div class=\"elementor-counter-number-wrapper\">\n\t\t\t\t<span class=\"elementor-counter-number-prefix\">+<\/span>\n\t\t\t\t<span class=\"elementor-counter-number\" data-duration=\"2000\" data-to-value=\"132\" data-from-value=\"0\" data-delimiter=\",\">0<\/span>\n\t\t\t\t<span class=\"elementor-counter-number-suffix\"><\/span>\n\t\t\t<\/div>\n\t\t<\/div>\n\t\t\t\t\t\t<\/div>\n\t\t\t\t<\/div>\n\t\t\t\t<div class=\"elementor-element elementor-element-c845bcf elementor-widget elementor-widget-counter\" data-id=\"c845bcf\" data-element_type=\"widget\" data-widget_type=\"counter.default\">\n\t\t\t\t<div class=\"elementor-widget-container\">\n\t\t\t\t\t\t\t<div class=\"elementor-counter\">\n\t\t\t<div class=\"elementor-counter-title\">Specimens<\/div>\t\t\t<div class=\"elementor-counter-number-wrapper\">\n\t\t\t\t<span class=\"elementor-counter-number-prefix\">+<\/span>\n\t\t\t\t<span class=\"elementor-counter-number\" data-duration=\"2000\" data-to-value=\"51\" data-from-value=\"0\" data-delimiter=\",\">0<\/span>\n\t\t\t\t<span class=\"elementor-counter-number-suffix\"><\/span>\n\t\t\t<\/div>\n\t\t<\/div>\n\t\t\t\t\t\t<\/div>\n\t\t\t\t<\/div>\n\t\t\t\t<\/div>\n\t\t\t\t\t<\/div>\n\t\t\t\t<\/div>\n\t\t\t\t\t<\/div>\n\t\t\t\t<\/div>\n\t\t<div class=\"elementor-element elementor-element-09762d7 e-flex e-con-boxed elementor-invisible e-con e-parent\" data-id=\"09762d7\" data-element_type=\"container\" data-settings=\"{&quot;background_background&quot;:&quot;classic&quot;,&quot;jet_parallax_layout_list&quot;:[],&quot;animation&quot;:&quot;fadeIn&quot;}\">\n\t\t\t\t\t<div class=\"e-con-inner\">\n\t\t<div class=\"elementor-element elementor-element-dde08d5 e-con-full e-flex e-con e-child\" data-id=\"dde08d5\" data-element_type=\"container\" data-settings=\"{&quot;jet_parallax_layout_list&quot;:[]}\">\n\t\t\t\t<div class=\"elementor-element elementor-element-57081f0 elementor-invisible elementor-widget elementor-widget-image\" data-id=\"57081f0\" data-element_type=\"widget\" data-settings=\"{&quot;_animation&quot;:&quot;fadeInUp&quot;}\" data-widget_type=\"image.default\">\n\t\t\t\t<div class=\"elementor-widget-container\">\n\t\t\t\t\t\t\t\t\t\t\t\t\t\t\t<img fetchpriority=\"high\" decoding=\"async\" width=\"579\" height=\"436\" src=\"https:\/\/museedelacotenord.ca\/wp-content\/uploads\/2025\/02\/2023.048-Fossiles-Anticosti.png\" class=\"attachment-large size-large wp-image-3394\" alt=\"\" srcset=\"https:\/\/museedelacotenord.ca\/wp-content\/uploads\/2025\/02\/2023.048-Fossiles-Anticosti.png 579w, https:\/\/museedelacotenord.ca\/wp-content\/uploads\/2025\/02\/2023.048-Fossiles-Anticosti-300x226.png 300w\" sizes=\"(max-width: 579px) 100vw, 579px\" \/>\t\t\t\t\t\t\t\t\t\t\t\t\t\t\t<\/div>\n\t\t\t\t<\/div>\n\t\t\t\t<\/div>\n\t\t<div class=\"elementor-element elementor-element-f7fb9cf e-con-full e-flex e-con e-child\" data-id=\"f7fb9cf\" data-element_type=\"container\" data-settings=\"{&quot;jet_parallax_layout_list&quot;:[]}\">\n\t\t\t\t<div class=\"elementor-element elementor-element-df63d0f elementor-invisible elementor-widget elementor-widget-heading\" data-id=\"df63d0f\" data-element_type=\"widget\" data-settings=\"{&quot;_animation&quot;:&quot;fadeInUp&quot;}\" data-widget_type=\"heading.default\">\n\t\t\t\t<div class=\"elementor-widget-container\">\n\t\t\t\t\t<h2 class=\"elementor-heading-title elementor-size-default\">Pierre Gonin<\/h2>\t\t\t\t<\/div>\n\t\t\t\t<\/div>\n\t\t\t\t<div class=\"elementor-element elementor-element-804fb55 elementor-widget elementor-widget-counter\" data-id=\"804fb55\" data-element_type=\"widget\" data-widget_type=\"counter.default\">\n\t\t\t\t<div class=\"elementor-widget-container\">\n\t\t\t\t\t\t\t<div class=\"elementor-counter\">\n\t\t\t<div class=\"elementor-counter-title\">Entries<\/div>\t\t\t<div class=\"elementor-counter-number-wrapper\">\n\t\t\t\t<span class=\"elementor-counter-number-prefix\">+<\/span>\n\t\t\t\t<span class=\"elementor-counter-number\" data-duration=\"2000\" data-to-value=\"101\" data-from-value=\"0\" data-delimiter=\",\">0<\/span>\n\t\t\t\t<span class=\"elementor-counter-number-suffix\"><\/span>\n\t\t\t<\/div>\n\t\t<\/div>\n\t\t\t\t\t\t<\/div>\n\t\t\t\t<\/div>\n\t\t\t\t<div class=\"elementor-element elementor-element-25f554f elementor-invisible elementor-widget elementor-widget-text-editor\" data-id=\"25f554f\" data-element_type=\"widget\" data-settings=\"{&quot;_animation&quot;:&quot;fadeInUp&quot;}\" data-widget_type=\"text-editor.default\">\n\t\t\t\t<div class=\"elementor-widget-container\">\n\t\t\t\t\t\t\t\t\t<p>In December 2012, Montreal collector Mr. Pierre Gonin donated his geological collection to the MCN. It makes up 101 entries of the virtual collection, which comprises 1692 mineral and fossil specimens from Canada and elsewhere.<br \/>The minerals from the C\u00f4te-Nord found within it come from prospector Mr. Beno\u00eet Thibault\u2019s collection. Many were collected in the early 1990s.<\/p><p>Fossils from the C\u00f4te-Nord within the Gonin collection mainly come from the region of Ragueneau and from Baie-Comeau, in the Haute-C\u00f4te-Nord, and were collected in the decade of the 2000s. The same applies to sedimentary forms. The other mineral and fossil specimens were collected by Mr. Gonin himself. It should be noted that all the specimens are labelled.<\/p>\t\t\t\t\t\t\t\t<\/div>\n\t\t\t\t<\/div>\n\t\t\t\t<div class=\"elementor-element elementor-element-abe64ec elementor-invisible elementor-widget elementor-widget-button\" data-id=\"abe64ec\" data-element_type=\"widget\" data-settings=\"{&quot;_animation&quot;:&quot;fadeInUp&quot;}\" data-widget_type=\"button.default\">\n\t\t\t\t<div class=\"elementor-widget-container\">\n\t\t\t\t\t\t\t\t\t<div class=\"elementor-button-wrapper\">\n\t\t\t\t\t<a class=\"elementor-button elementor-button-link elementor-size-sm\" href=\"https:\/\/skfb.ly\/p9VP8\" target=\"_blank\">\n\t\t\t\t\t\t<span class=\"elementor-button-content-wrapper\">\n\t\t\t\t\t\t\t\t\t<span class=\"elementor-button-text\">Discover the collection<\/span>\n\t\t\t\t\t<\/span>\n\t\t\t\t\t<\/a>\n\t\t\t\t<\/div>\n\t\t\t\t\t\t\t\t<\/div>\n\t\t\t\t<\/div>\n\t\t\t\t<\/div>\n\t\t\t\t\t<\/div>\n\t\t\t\t<\/div>\n\t\t\t\t<\/div>\n\t\t","protected":false},"excerpt":{"rendered":"<p>Natural sciences The natural sciences collection is split into two major components: the wildlife subseries and the mineralogy subseries.Over half the 132 specimens comprising the former are stuffed animal specimens obtained by the Mus\u00e9e during the 1980s thanks to donations from the Ville de Sept-\u00celes, the Royal Canadian Mounted Police and the minist\u00e8re du Loisir, [&hellip;]<\/p>\n","protected":false},"author":5,"featured_media":0,"parent":6154,"menu_order":0,"comment_status":"closed","ping_status":"closed","template":"","meta":{"_acf_changed":false,"footnotes":""},"class_list":["post-6183","page","type-page","status-publish","hentry"],"acf":[],"yoast_head":"<!-- This site is optimized with the Yoast SEO plugin v25.7 - https:\/\/yoast.com\/wordpress\/plugins\/seo\/ -->\n<title>Natural sciences | Mus\u00e9e de la C\u00f4te-Nord<\/title>\n<meta name=\"robots\" content=\"index, follow, max-snippet:-1, max-image-preview:large, max-video-preview:-1\" \/>\n<link rel=\"canonical\" href=\"https:\/\/museedelacotenord.ca\/en\/discover\/collections\/natural-sciences\/\" \/>\n<meta property=\"og:locale\" content=\"en_US\" \/>\n<meta property=\"og:type\" content=\"article\" \/>\n<meta property=\"og:title\" content=\"Natural sciences | Mus\u00e9e de la C\u00f4te-Nord\" \/>\n<meta property=\"og:description\" content=\"Natural sciences The natural sciences collection is split into two major components: the wildlife subseries and the mineralogy subseries.Over half the 132 specimens comprising the former are stuffed animal specimens obtained by the Mus\u00e9e during the 1980s thanks to donations from the Ville de Sept-\u00celes, the Royal Canadian Mounted Police and the minist\u00e8re du Loisir, [&hellip;]\" \/>\n<meta property=\"og:url\" content=\"https:\/\/museedelacotenord.ca\/en\/discover\/collections\/natural-sciences\/\" \/>\n<meta property=\"og:site_name\" content=\"Mus\u00e9e de la C\u00f4te-Nord\" \/>\n<meta property=\"article:publisher\" content=\"https:\/\/web.facebook.com\/musee.cote.nord\/\" \/>\n<meta property=\"article:modified_time\" content=\"2025-06-12T14:12:48+00:00\" \/>\n<meta property=\"og:image\" content=\"https:\/\/museedelacotenord.ca\/wp-content\/uploads\/2025\/02\/2023.048-Fossiles-Anticosti.png\" \/>\n\t<meta property=\"og:image:width\" content=\"579\" \/>\n\t<meta property=\"og:image:height\" content=\"436\" \/>\n\t<meta property=\"og:image:type\" content=\"image\/png\" \/>\n<meta name=\"twitter:card\" content=\"summary_large_image\" \/>\n<meta name=\"twitter:label1\" content=\"Est. reading time\" \/>\n\t<meta name=\"twitter:data1\" content=\"2 minutes\" \/>\n<script type=\"application\/ld+json\" class=\"yoast-schema-graph\">{\"@context\":\"https:\/\/schema.org\",\"@graph\":[{\"@type\":\"WebPage\",\"@id\":\"https:\/\/museedelacotenord.ca\/en\/discover\/collections\/natural-sciences\/\",\"url\":\"https:\/\/museedelacotenord.ca\/en\/discover\/collections\/natural-sciences\/\",\"name\":\"Natural sciences | Mus\u00e9e de la C\u00f4te-Nord\",\"isPartOf\":{\"@id\":\"https:\/\/museedelacotenord.ca\/en\/#website\"},\"primaryImageOfPage\":{\"@id\":\"https:\/\/museedelacotenord.ca\/en\/discover\/collections\/natural-sciences\/#primaryimage\"},\"image\":{\"@id\":\"https:\/\/museedelacotenord.ca\/en\/discover\/collections\/natural-sciences\/#primaryimage\"},\"thumbnailUrl\":\"https:\/\/museedelacotenord.ca\/wp-content\/uploads\/2025\/02\/2023.048-Fossiles-Anticosti.png\",\"datePublished\":\"2025-02-17T12:20:09+00:00\",\"dateModified\":\"2025-06-12T14:12:48+00:00\",\"breadcrumb\":{\"@id\":\"https:\/\/museedelacotenord.ca\/en\/discover\/collections\/natural-sciences\/#breadcrumb\"},\"inLanguage\":\"en-US\",\"potentialAction\":[{\"@type\":\"ReadAction\",\"target\":[\"https:\/\/museedelacotenord.ca\/en\/discover\/collections\/natural-sciences\/\"]}]},{\"@type\":\"ImageObject\",\"inLanguage\":\"en-US\",\"@id\":\"https:\/\/museedelacotenord.ca\/en\/discover\/collections\/natural-sciences\/#primaryimage\",\"url\":\"https:\/\/museedelacotenord.ca\/wp-content\/uploads\/2025\/02\/2023.048-Fossiles-Anticosti.png\",\"contentUrl\":\"https:\/\/museedelacotenord.ca\/wp-content\/uploads\/2025\/02\/2023.048-Fossiles-Anticosti.png\"},{\"@type\":\"BreadcrumbList\",\"@id\":\"https:\/\/museedelacotenord.ca\/en\/discover\/collections\/natural-sciences\/#breadcrumb\",\"itemListElement\":[{\"@type\":\"ListItem\",\"position\":1,\"name\":\"Home\",\"item\":\"https:\/\/museedelacotenord.ca\/en\/\"},{\"@type\":\"ListItem\",\"position\":2,\"name\":\"Discover\",\"item\":\"https:\/\/museedelacotenord.ca\/en\/discover\/\"},{\"@type\":\"ListItem\",\"position\":3,\"name\":\"Collections\",\"item\":\"https:\/\/museedelacotenord.ca\/en\/discover\/collections\/\"},{\"@type\":\"ListItem\",\"position\":4,\"name\":\"Natural sciences\"}]},{\"@type\":\"WebSite\",\"@id\":\"https:\/\/museedelacotenord.ca\/en\/#website\",\"url\":\"https:\/\/museedelacotenord.ca\/en\/\",\"name\":\"Mus\u00e9e de la C\u00f4te-Nord\",\"description\":\"\",\"publisher\":{\"@id\":\"https:\/\/museedelacotenord.ca\/en\/#organization\"},\"potentialAction\":[{\"@type\":\"SearchAction\",\"target\":{\"@type\":\"EntryPoint\",\"urlTemplate\":\"https:\/\/museedelacotenord.ca\/en\/?s={search_term_string}\"},\"query-input\":{\"@type\":\"PropertyValueSpecification\",\"valueRequired\":true,\"valueName\":\"search_term_string\"}}],\"inLanguage\":\"en-US\"},{\"@type\":\"Organization\",\"@id\":\"https:\/\/museedelacotenord.ca\/en\/#organization\",\"name\":\"Mus\u00e9e de la C\u00f4te-Nord\",\"url\":\"https:\/\/museedelacotenord.ca\/en\/\",\"logo\":{\"@type\":\"ImageObject\",\"inLanguage\":\"en-US\",\"@id\":\"https:\/\/museedelacotenord.ca\/en\/#\/schema\/logo\/image\/\",\"url\":\"https:\/\/museedelacotenord.ca\/wp-content\/uploads\/2024\/10\/Logo.svg\",\"contentUrl\":\"https:\/\/museedelacotenord.ca\/wp-content\/uploads\/2024\/10\/Logo.svg\",\"width\":121,\"height\":65,\"caption\":\"Mus\u00e9e de la C\u00f4te-Nord\"},\"image\":{\"@id\":\"https:\/\/museedelacotenord.ca\/en\/#\/schema\/logo\/image\/\"},\"sameAs\":[\"https:\/\/web.facebook.com\/musee.cote.nord\/\",\"https:\/\/www.youtube.com\/channel\/UCn8cUNXXQ5W8qnuUIfjdsvQ\"]}]}<\/script>\n<!-- \/ Yoast SEO plugin. -->","yoast_head_json":{"title":"Natural sciences | Mus\u00e9e de la C\u00f4te-Nord","robots":{"index":"index","follow":"follow","max-snippet":"max-snippet:-1","max-image-preview":"max-image-preview:large","max-video-preview":"max-video-preview:-1"},"canonical":"https:\/\/museedelacotenord.ca\/en\/discover\/collections\/natural-sciences\/","og_locale":"en_US","og_type":"article","og_title":"Natural sciences | Mus\u00e9e de la C\u00f4te-Nord","og_description":"Natural sciences The natural sciences collection is split into two major components: the wildlife subseries and the mineralogy subseries.Over half the 132 specimens comprising the former are stuffed animal specimens obtained by the Mus\u00e9e during the 1980s thanks to donations from the Ville de Sept-\u00celes, the Royal Canadian Mounted Police and the minist\u00e8re du Loisir, [&hellip;]","og_url":"https:\/\/museedelacotenord.ca\/en\/discover\/collections\/natural-sciences\/","og_site_name":"Mus\u00e9e de la C\u00f4te-Nord","article_publisher":"https:\/\/web.facebook.com\/musee.cote.nord\/","article_modified_time":"2025-06-12T14:12:48+00:00","og_image":[{"width":579,"height":436,"url":"https:\/\/museedelacotenord.ca\/wp-content\/uploads\/2025\/02\/2023.048-Fossiles-Anticosti.png","type":"image\/png"}],"twitter_card":"summary_large_image","twitter_misc":{"Est. reading time":"2 minutes"},"schema":{"@context":"https:\/\/schema.org","@graph":[{"@type":"WebPage","@id":"https:\/\/museedelacotenord.ca\/en\/discover\/collections\/natural-sciences\/","url":"https:\/\/museedelacotenord.ca\/en\/discover\/collections\/natural-sciences\/","name":"Natural sciences | Mus\u00e9e de la C\u00f4te-Nord","isPartOf":{"@id":"https:\/\/museedelacotenord.ca\/en\/#website"},"primaryImageOfPage":{"@id":"https:\/\/museedelacotenord.ca\/en\/discover\/collections\/natural-sciences\/#primaryimage"},"image":{"@id":"https:\/\/museedelacotenord.ca\/en\/discover\/collections\/natural-sciences\/#primaryimage"},"thumbnailUrl":"https:\/\/museedelacotenord.ca\/wp-content\/uploads\/2025\/02\/2023.048-Fossiles-Anticosti.png","datePublished":"2025-02-17T12:20:09+00:00","dateModified":"2025-06-12T14:12:48+00:00","breadcrumb":{"@id":"https:\/\/museedelacotenord.ca\/en\/discover\/collections\/natural-sciences\/#breadcrumb"},"inLanguage":"en-US","potentialAction":[{"@type":"ReadAction","target":["https:\/\/museedelacotenord.ca\/en\/discover\/collections\/natural-sciences\/"]}]},{"@type":"ImageObject","inLanguage":"en-US","@id":"https:\/\/museedelacotenord.ca\/en\/discover\/collections\/natural-sciences\/#primaryimage","url":"https:\/\/museedelacotenord.ca\/wp-content\/uploads\/2025\/02\/2023.048-Fossiles-Anticosti.png","contentUrl":"https:\/\/museedelacotenord.ca\/wp-content\/uploads\/2025\/02\/2023.048-Fossiles-Anticosti.png"},{"@type":"BreadcrumbList","@id":"https:\/\/museedelacotenord.ca\/en\/discover\/collections\/natural-sciences\/#breadcrumb","itemListElement":[{"@type":"ListItem","position":1,"name":"Home","item":"https:\/\/museedelacotenord.ca\/en\/"},{"@type":"ListItem","position":2,"name":"Discover","item":"https:\/\/museedelacotenord.ca\/en\/discover\/"},{"@type":"ListItem","position":3,"name":"Collections","item":"https:\/\/museedelacotenord.ca\/en\/discover\/collections\/"},{"@type":"ListItem","position":4,"name":"Natural sciences"}]},{"@type":"WebSite","@id":"https:\/\/museedelacotenord.ca\/en\/#website","url":"https:\/\/museedelacotenord.ca\/en\/","name":"Mus\u00e9e de la C\u00f4te-Nord","description":"","publisher":{"@id":"https:\/\/museedelacotenord.ca\/en\/#organization"},"potentialAction":[{"@type":"SearchAction","target":{"@type":"EntryPoint","urlTemplate":"https:\/\/museedelacotenord.ca\/en\/?s={search_term_string}"},"query-input":{"@type":"PropertyValueSpecification","valueRequired":true,"valueName":"search_term_string"}}],"inLanguage":"en-US"},{"@type":"Organization","@id":"https:\/\/museedelacotenord.ca\/en\/#organization","name":"Mus\u00e9e de la C\u00f4te-Nord","url":"https:\/\/museedelacotenord.ca\/en\/","logo":{"@type":"ImageObject","inLanguage":"en-US","@id":"https:\/\/museedelacotenord.ca\/en\/#\/schema\/logo\/image\/","url":"https:\/\/museedelacotenord.ca\/wp-content\/uploads\/2024\/10\/Logo.svg","contentUrl":"https:\/\/museedelacotenord.ca\/wp-content\/uploads\/2024\/10\/Logo.svg","width":121,"height":65,"caption":"Mus\u00e9e de la C\u00f4te-Nord"},"image":{"@id":"https:\/\/museedelacotenord.ca\/en\/#\/schema\/logo\/image\/"},"sameAs":["https:\/\/web.facebook.com\/musee.cote.nord\/","https:\/\/www.youtube.com\/channel\/UCn8cUNXXQ5W8qnuUIfjdsvQ"]}]}},"_links":{"self":[{"href":"https:\/\/museedelacotenord.ca\/en\/wp-json\/wp\/v2\/pages\/6183","targetHints":{"allow":["GET"]}}],"collection":[{"href":"https:\/\/museedelacotenord.ca\/en\/wp-json\/wp\/v2\/pages"}],"about":[{"href":"https:\/\/museedelacotenord.ca\/en\/wp-json\/wp\/v2\/types\/page"}],"author":[{"embeddable":true,"href":"https:\/\/museedelacotenord.ca\/en\/wp-json\/wp\/v2\/users\/5"}],"replies":[{"embeddable":true,"href":"https:\/\/museedelacotenord.ca\/en\/wp-json\/wp\/v2\/comments?post=6183"}],"version-history":[{"count":7,"href":"https:\/\/museedelacotenord.ca\/en\/wp-json\/wp\/v2\/pages\/6183\/revisions"}],"predecessor-version":[{"id":6190,"href":"https:\/\/museedelacotenord.ca\/en\/wp-json\/wp\/v2\/pages\/6183\/revisions\/6190"}],"up":[{"embeddable":true,"href":"https:\/\/museedelacotenord.ca\/en\/wp-json\/wp\/v2\/pages\/6154"}],"wp:attachment":[{"href":"https:\/\/museedelacotenord.ca\/en\/wp-json\/wp\/v2\/media?parent=6183"}],"curies":[{"name":"wp","href":"https:\/\/api.w.org\/{rel}","templated":true}]}}