{"id":6376,"date":"2025-01-09T06:20:21","date_gmt":"2025-01-09T11:20:21","guid":{"rendered":"https:\/\/museedelacotenord.ca\/?page_id=6376"},"modified":"2025-08-20T08:00:37","modified_gmt":"2025-08-20T12:00:37","slug":"sustainability-approach","status":"publish","type":"page","link":"https:\/\/museedelacotenord.ca\/en\/about\/sustainability-approach\/","title":{"rendered":"Sustainability approach"},"content":{"rendered":"\t\t<div data-elementor-type=\"wp-page\" data-elementor-id=\"6376\" class=\"elementor elementor-6376 elementor-858\" data-elementor-post-type=\"page\">\n\t\t\t\t<div class=\"elementor-element elementor-element-78f35a35 e-flex e-con-boxed elementor-invisible e-con e-parent\" data-id=\"78f35a35\" data-element_type=\"container\" data-settings=\"{&quot;background_background&quot;:&quot;classic&quot;,&quot;jet_parallax_layout_list&quot;:[],&quot;animation&quot;:&quot;fadeIn&quot;}\">\n\t\t\t\t\t<div class=\"e-con-inner\">\n\t\t<div class=\"elementor-element elementor-element-3c42309e e-con-full e-flex e-con e-child\" data-id=\"3c42309e\" data-element_type=\"container\" data-settings=\"{&quot;jet_parallax_layout_list&quot;:[]}\">\n\t\t\t\t<div class=\"elementor-element elementor-element-35998684 elementor-invisible elementor-widget elementor-widget-heading\" data-id=\"35998684\" data-element_type=\"widget\" data-settings=\"{&quot;_animation&quot;:&quot;fadeInUp&quot;}\" data-widget_type=\"heading.default\">\n\t\t\t\t<div class=\"elementor-widget-container\">\n\t\t\t\t\t<h2 class=\"elementor-heading-title elementor-size-default\">Sustainability approach<\/h2>\t\t\t\t<\/div>\n\t\t\t\t<\/div>\n\t\t\t\t<div class=\"elementor-element elementor-element-7687eb87 elementor-invisible elementor-widget elementor-widget-text-editor\" data-id=\"7687eb87\" data-element_type=\"widget\" data-settings=\"{&quot;_animation&quot;:&quot;fadeInUp&quot;}\" data-widget_type=\"text-editor.default\">\n\t\t\t\t<div class=\"elementor-widget-container\">\n\t\t\t\t\t\t\t\t\t<p>While the Mus\u00e9e\u2019s patrons and members are mainly rooted in the Sept-Rivi\u00e8res region, its regional mandate means it must be present in, or at least sensitive to, cultural activities in this large territory.<\/p><p>It is worth noting that taking part in some special projects and exchanging services (such as depositing external collections into our storerooms) are all ways in which the institution can actively contribute to preserving and curating the regional heritage.<\/p>\t\t\t\t\t\t\t\t<\/div>\n\t\t\t\t<\/div>\n\t\t\t\t<\/div>\n\t\t<div class=\"elementor-element elementor-element-5f171898 e-con-full e-flex e-con e-child\" data-id=\"5f171898\" data-element_type=\"container\" data-settings=\"{&quot;jet_parallax_layout_list&quot;:[]}\">\n\t\t\t\t<div class=\"elementor-element elementor-element-288865c0 elementor-invisible elementor-widget elementor-widget-image\" data-id=\"288865c0\" data-element_type=\"widget\" data-settings=\"{&quot;_animation&quot;:&quot;fadeInUp&quot;}\" data-widget_type=\"image.default\">\n\t\t\t\t<div class=\"elementor-widget-container\">\n\t\t\t\t\t\t\t\t\t\t\t\t\t\t\t<img fetchpriority=\"high\" decoding=\"async\" width=\"579\" height=\"436\" src=\"https:\/\/museedelacotenord.ca\/wp-content\/uploads\/2025\/02\/musee-cn-dev-durable.png\" class=\"attachment-large size-large wp-image-2631\" alt=\"\" srcset=\"https:\/\/museedelacotenord.ca\/wp-content\/uploads\/2025\/02\/musee-cn-dev-durable.png 579w, https:\/\/museedelacotenord.ca\/wp-content\/uploads\/2025\/02\/musee-cn-dev-durable-300x226.png 300w\" sizes=\"(max-width: 579px) 100vw, 579px\" \/>\t\t\t\t\t\t\t\t\t\t\t\t\t\t\t<\/div>\n\t\t\t\t<\/div>\n\t\t\t\t<\/div>\n\t\t\t\t\t<\/div>\n\t\t\t\t<\/div>\n\t\t<div class=\"elementor-element elementor-element-7797e794 e-flex e-con-boxed elementor-invisible e-con e-parent\" data-id=\"7797e794\" data-element_type=\"container\" data-settings=\"{&quot;background_background&quot;:&quot;classic&quot;,&quot;jet_parallax_layout_list&quot;:[],&quot;animation&quot;:&quot;fadeIn&quot;}\">\n\t\t\t\t\t<div class=\"e-con-inner\">\n\t\t<div class=\"elementor-element elementor-element-3b2ae9a5 e-con-full e-flex e-con e-child\" data-id=\"3b2ae9a5\" data-element_type=\"container\" data-settings=\"{&quot;jet_parallax_layout_list&quot;:[]}\">\n\t\t\t\t<div class=\"elementor-element elementor-element-77c64dec elementor-invisible elementor-widget elementor-widget-image\" data-id=\"77c64dec\" data-element_type=\"widget\" data-settings=\"{&quot;_animation&quot;:&quot;fadeInUp&quot;}\" data-widget_type=\"image.default\">\n\t\t\t\t<div class=\"elementor-widget-container\">\n\t\t\t\t\t\t\t\t\t\t\t\t\t\t\t<img decoding=\"async\" width=\"579\" height=\"436\" src=\"https:\/\/museedelacotenord.ca\/wp-content\/uploads\/2025\/02\/MCN-SMQ-logo-blanc.png\" class=\"attachment-large size-large wp-image-2632\" alt=\"\" srcset=\"https:\/\/museedelacotenord.ca\/wp-content\/uploads\/2025\/02\/MCN-SMQ-logo-blanc.png 579w, https:\/\/museedelacotenord.ca\/wp-content\/uploads\/2025\/02\/MCN-SMQ-logo-blanc-300x226.png 300w\" sizes=\"(max-width: 579px) 100vw, 579px\" \/>\t\t\t\t\t\t\t\t\t\t\t\t\t\t\t<\/div>\n\t\t\t\t<\/div>\n\t\t\t\t<\/div>\n\t\t<div class=\"elementor-element elementor-element-5d1f252c e-con-full e-flex e-con e-child\" data-id=\"5d1f252c\" data-element_type=\"container\" data-settings=\"{&quot;jet_parallax_layout_list&quot;:[]}\">\n\t\t\t\t<div class=\"elementor-element elementor-element-6c41e488 elementor-invisible elementor-widget elementor-widget-heading\" data-id=\"6c41e488\" data-element_type=\"widget\" data-settings=\"{&quot;_animation&quot;:&quot;fadeInUp&quot;}\" data-widget_type=\"heading.default\">\n\t\t\t\t<div class=\"elementor-widget-container\">\n\t\t\t\t\t<h2 class=\"elementor-heading-title elementor-size-default\">Sustainability charter<\/h2>\t\t\t\t<\/div>\n\t\t\t\t<\/div>\n\t\t\t\t<div class=\"elementor-element elementor-element-353d6b73 elementor-invisible elementor-widget elementor-widget-text-editor\" data-id=\"353d6b73\" data-element_type=\"widget\" data-settings=\"{&quot;_animation&quot;:&quot;fadeInUp&quot;}\" data-widget_type=\"text-editor.default\">\n\t\t\t\t<div class=\"elementor-widget-container\">\n\t\t\t\t\t\t\t\t\t<p>In 2018,<strong> the Mus\u00e9e de la C\u00f4te-Nord<\/strong> adopted the <strong>ecoresponsibility standards<\/strong> set by the Soci\u00e9t\u00e9 des mus\u00e9es qu\u00e9b\u00e9cois (SMQ) and has implemented them to the best of its resources and abilities. The ecoresponsibility policy applies to the whole organization and to all of its visitors.<\/p><p><b>The Soci\u00e9t\u00e9 des mus\u00e9es qu\u00e9b\u00e9cois (SMQ) <\/b>also offers a sustainability charter tailored to the specifics of museum institutions. The aim of the charter is to demonstrate and strengthen museum institutions\u2019 commitment to sustainability, based on certain guidelines inherent in their mission. It also follows in the footsteps of<b> Qu\u00e9bec\u2019s Agenda 21 for culture,<\/b> implemented by the minist\u00e8re de la Culture et des Communications.\u00a0<\/p><p>This charter reflects the SMQ\u2019s stance on sustainability. Members adopting this charter, on a voluntary basis, is a meaningful gesture of commitment. The Mus\u00e9e is very glad to announce its adoption of the charter by resolution of its board of directors. The commitments undertaken to that end set, <em>de facto<\/em>, the sustainability guidelines that will steer the Mus\u00e9e\u2019s action during its next strategic action planning cycle.<\/p>\t\t\t\t\t\t\t\t<\/div>\n\t\t\t\t<\/div>\n\t\t\t\t<\/div>\n\t\t\t\t\t<\/div>\n\t\t\t\t<\/div>\n\t\t<div class=\"elementor-element elementor-element-515462aa e-flex e-con-boxed elementor-invisible e-con e-parent\" data-id=\"515462aa\" data-element_type=\"container\" data-settings=\"{&quot;background_background&quot;:&quot;classic&quot;,&quot;jet_parallax_layout_list&quot;:[],&quot;animation&quot;:&quot;fadeIn&quot;}\">\n\t\t\t\t\t<div class=\"e-con-inner\">\n\t\t<div class=\"elementor-element elementor-element-73af2135 e-con-full e-flex e-con e-child\" data-id=\"73af2135\" data-element_type=\"container\" data-settings=\"{&quot;jet_parallax_layout_list&quot;:[]}\">\n\t\t\t\t<div class=\"elementor-element elementor-element-3cf4d84e elementor-invisible elementor-widget elementor-widget-heading\" data-id=\"3cf4d84e\" data-element_type=\"widget\" data-settings=\"{&quot;_animation&quot;:&quot;fadeInUp&quot;}\" data-widget_type=\"heading.default\">\n\t\t\t\t<div class=\"elementor-widget-container\">\n\t\t\t\t\t<h2 class=\"elementor-heading-title elementor-size-default\">Sustainable remodelling project\n<\/h2>\t\t\t\t<\/div>\n\t\t\t\t<\/div>\n\t\t\t\t<div class=\"elementor-element elementor-element-3ad124d3 elementor-invisible elementor-widget elementor-widget-text-editor\" data-id=\"3ad124d3\" data-element_type=\"widget\" data-settings=\"{&quot;_animation&quot;:&quot;fadeInUp&quot;}\" data-widget_type=\"text-editor.default\">\n\t\t\t\t<div class=\"elementor-widget-container\">\n\t\t\t\t\t\t\t\t\t<p>It is worth noting that taking part in some special projects and exchanging services (such as depositing external collections into our storerooms) are all ways in which the institution can actively contribute to preserving and curating the regional heritage.<\/p>\t\t\t\t\t\t\t\t<\/div>\n\t\t\t\t<\/div>\n\t\t\t\t<\/div>\n\t\t<div class=\"elementor-element elementor-element-25b6677a e-con-full e-flex e-con e-child\" data-id=\"25b6677a\" data-element_type=\"container\" data-settings=\"{&quot;jet_parallax_layout_list&quot;:[]}\">\n\t\t\t\t<div class=\"elementor-element elementor-element-5e9b8067 elementor-invisible elementor-widget elementor-widget-image\" data-id=\"5e9b8067\" data-element_type=\"widget\" data-settings=\"{&quot;_animation&quot;:&quot;fadeInUp&quot;}\" data-widget_type=\"image.default\">\n\t\t\t\t<div class=\"elementor-widget-container\">\n\t\t\t\t\t\t\t\t\t\t\t\t\t\t\t<img decoding=\"async\" width=\"579\" height=\"436\" src=\"https:\/\/museedelacotenord.ca\/wp-content\/uploads\/2025\/02\/musee-cn-1-expo-haute-rive-1980.png\" class=\"attachment-large size-large wp-image-2633\" alt=\"\" srcset=\"https:\/\/museedelacotenord.ca\/wp-content\/uploads\/2025\/02\/musee-cn-1-expo-haute-rive-1980.png 579w, https:\/\/museedelacotenord.ca\/wp-content\/uploads\/2025\/02\/musee-cn-1-expo-haute-rive-1980-300x226.png 300w\" sizes=\"(max-width: 579px) 100vw, 579px\" \/>\t\t\t\t\t\t\t\t\t\t\t\t\t\t\t<\/div>\n\t\t\t\t<\/div>\n\t\t\t\t<\/div>\n\t\t\t\t\t<\/div>\n\t\t\t\t<\/div>\n\t\t<div class=\"elementor-element elementor-element-c203cf9 e-flex e-con-boxed elementor-invisible e-con e-parent\" data-id=\"c203cf9\" data-element_type=\"container\" data-settings=\"{&quot;background_background&quot;:&quot;classic&quot;,&quot;jet_parallax_layout_list&quot;:[],&quot;animation&quot;:&quot;fadeIn&quot;}\">\n\t\t\t\t\t<div class=\"e-con-inner\">\n\t\t<div class=\"elementor-element elementor-element-11c9217 e-con-full e-flex e-con e-child\" data-id=\"11c9217\" data-element_type=\"container\" data-settings=\"{&quot;jet_parallax_layout_list&quot;:[]}\">\n\t\t\t\t<div class=\"elementor-element elementor-element-313f30f elementor-invisible elementor-widget elementor-widget-image\" data-id=\"313f30f\" data-element_type=\"widget\" data-settings=\"{&quot;_animation&quot;:&quot;fadeInUp&quot;}\" data-widget_type=\"image.default\">\n\t\t\t\t<div class=\"elementor-widget-container\">\n\t\t\t\t\t\t\t\t\t\t\t\t\t\t\t<img loading=\"lazy\" decoding=\"async\" width=\"579\" height=\"436\" src=\"https:\/\/museedelacotenord.ca\/wp-content\/uploads\/2025\/02\/mode-de-transport-alternatif-septiles.png\" class=\"attachment-large size-large wp-image-2635\" alt=\"\" srcset=\"https:\/\/museedelacotenord.ca\/wp-content\/uploads\/2025\/02\/mode-de-transport-alternatif-septiles.png 579w, https:\/\/museedelacotenord.ca\/wp-content\/uploads\/2025\/02\/mode-de-transport-alternatif-septiles-300x226.png 300w\" sizes=\"(max-width: 579px) 100vw, 579px\" \/>\t\t\t\t\t\t\t\t\t\t\t\t\t\t\t<\/div>\n\t\t\t\t<\/div>\n\t\t\t\t<\/div>\n\t\t<div class=\"elementor-element elementor-element-14a8b1cf e-con-full e-flex e-con e-child\" data-id=\"14a8b1cf\" data-element_type=\"container\" data-settings=\"{&quot;jet_parallax_layout_list&quot;:[]}\">\n\t\t\t\t<div class=\"elementor-element elementor-element-781ed5e2 elementor-invisible elementor-widget elementor-widget-heading\" data-id=\"781ed5e2\" data-element_type=\"widget\" data-settings=\"{&quot;_animation&quot;:&quot;fadeInUp&quot;}\" data-widget_type=\"heading.default\">\n\t\t\t\t<div class=\"elementor-widget-container\">\n\t\t\t\t\t<h2 class=\"elementor-heading-title elementor-size-default\">Alternative modes of transportation<\/h2>\t\t\t\t<\/div>\n\t\t\t\t<\/div>\n\t\t\t\t<div class=\"elementor-element elementor-element-fec881d elementor-invisible elementor-widget elementor-widget-text-editor\" data-id=\"fec881d\" data-element_type=\"widget\" data-settings=\"{&quot;_animation&quot;:&quot;fadeInUp&quot;}\" data-widget_type=\"text-editor.default\">\n\t\t\t\t<div class=\"elementor-widget-container\">\n\t\t\t\t\t\t\t\t\t<p>Do you want to visit the Mus\u00e9e while minimizing your ecological footprint? A number of sustainable mobility options are available to you.<\/p>\t\t\t\t\t\t\t\t<\/div>\n\t\t\t\t<\/div>\n\t\t\t\t<div class=\"elementor-element elementor-element-41c4ffa9 elementor-invisible elementor-widget elementor-widget-button\" data-id=\"41c4ffa9\" data-element_type=\"widget\" data-settings=\"{&quot;_animation&quot;:&quot;fadeInUp&quot;}\" data-widget_type=\"button.default\">\n\t\t\t\t<div class=\"elementor-widget-container\">\n\t\t\t\t\t\t\t\t\t<div class=\"elementor-button-wrapper\">\n\t\t\t\t\t<a class=\"elementor-button elementor-button-link elementor-size-sm\" href=\"\/en\/visit\/\">\n\t\t\t\t\t\t<span class=\"elementor-button-content-wrapper\">\n\t\t\t\t\t\t\t\t\t<span class=\"elementor-button-text\">Visit<\/span>\n\t\t\t\t\t<\/span>\n\t\t\t\t\t<\/a>\n\t\t\t\t<\/div>\n\t\t\t\t\t\t\t\t<\/div>\n\t\t\t\t<\/div>\n\t\t\t\t<\/div>\n\t\t\t\t\t<\/div>\n\t\t\t\t<\/div>\n\t\t\t\t<\/div>\n\t\t","protected":false},"excerpt":{"rendered":"<p>Sustainability approach While the Mus\u00e9e\u2019s patrons and members are mainly rooted in the Sept-Rivi\u00e8res region, its regional mandate means it must be present in, or at least sensitive to, cultural activities in this large territory. It is worth noting that taking part in some special projects and exchanging services (such as depositing external collections into [&hellip;]<\/p>\n","protected":false},"author":5,"featured_media":0,"parent":6862,"menu_order":0,"comment_status":"closed","ping_status":"closed","template":"","meta":{"_acf_changed":false,"footnotes":""},"class_list":["post-6376","page","type-page","status-publish","hentry"],"acf":[],"yoast_head":"<!-- This site is optimized with the Yoast SEO plugin v25.7 - https:\/\/yoast.com\/wordpress\/plugins\/seo\/ -->\n<title>Sustainability approach | Mus\u00e9e de la C\u00f4te-Nord<\/title>\n<meta name=\"robots\" content=\"index, follow, max-snippet:-1, max-image-preview:large, max-video-preview:-1\" \/>\n<link rel=\"canonical\" href=\"https:\/\/museedelacotenord.ca\/en\/about\/sustainability-approach\/\" \/>\n<meta property=\"og:locale\" content=\"en_US\" \/>\n<meta property=\"og:type\" content=\"article\" \/>\n<meta property=\"og:title\" content=\"Sustainability approach | Mus\u00e9e de la C\u00f4te-Nord\" \/>\n<meta property=\"og:description\" content=\"Sustainability approach While the Mus\u00e9e\u2019s patrons and members are mainly rooted in the Sept-Rivi\u00e8res region, its regional mandate means it must be present in, or at least sensitive to, cultural activities in this large territory. It is worth noting that taking part in some special projects and exchanging services (such as depositing external collections into [&hellip;]\" \/>\n<meta property=\"og:url\" content=\"https:\/\/museedelacotenord.ca\/en\/about\/sustainability-approach\/\" \/>\n<meta property=\"og:site_name\" content=\"Mus\u00e9e de la C\u00f4te-Nord\" \/>\n<meta property=\"article:publisher\" content=\"https:\/\/web.facebook.com\/musee.cote.nord\/\" \/>\n<meta property=\"article:modified_time\" content=\"2025-08-20T12:00:37+00:00\" \/>\n<meta property=\"og:image\" content=\"https:\/\/museedelacotenord.ca\/wp-content\/uploads\/2025\/02\/musee-cn-dev-durable.png\" \/>\n\t<meta property=\"og:image:width\" content=\"579\" \/>\n\t<meta property=\"og:image:height\" content=\"436\" \/>\n\t<meta property=\"og:image:type\" content=\"image\/png\" \/>\n<meta name=\"twitter:card\" content=\"summary_large_image\" \/>\n<meta name=\"twitter:label1\" content=\"Est. reading time\" \/>\n\t<meta name=\"twitter:data1\" content=\"3 minutes\" \/>\n<script type=\"application\/ld+json\" class=\"yoast-schema-graph\">{\"@context\":\"https:\/\/schema.org\",\"@graph\":[{\"@type\":\"WebPage\",\"@id\":\"https:\/\/museedelacotenord.ca\/en\/about\/sustainability-approach\/\",\"url\":\"https:\/\/museedelacotenord.ca\/en\/about\/sustainability-approach\/\",\"name\":\"Sustainability approach | Mus\u00e9e de la C\u00f4te-Nord\",\"isPartOf\":{\"@id\":\"https:\/\/museedelacotenord.ca\/en\/#website\"},\"primaryImageOfPage\":{\"@id\":\"https:\/\/museedelacotenord.ca\/en\/about\/sustainability-approach\/#primaryimage\"},\"image\":{\"@id\":\"https:\/\/museedelacotenord.ca\/en\/about\/sustainability-approach\/#primaryimage\"},\"thumbnailUrl\":\"https:\/\/museedelacotenord.ca\/wp-content\/uploads\/2025\/02\/musee-cn-dev-durable.png\",\"datePublished\":\"2025-01-09T11:20:21+00:00\",\"dateModified\":\"2025-08-20T12:00:37+00:00\",\"breadcrumb\":{\"@id\":\"https:\/\/museedelacotenord.ca\/en\/about\/sustainability-approach\/#breadcrumb\"},\"inLanguage\":\"en-US\",\"potentialAction\":[{\"@type\":\"ReadAction\",\"target\":[\"https:\/\/museedelacotenord.ca\/en\/about\/sustainability-approach\/\"]}]},{\"@type\":\"ImageObject\",\"inLanguage\":\"en-US\",\"@id\":\"https:\/\/museedelacotenord.ca\/en\/about\/sustainability-approach\/#primaryimage\",\"url\":\"https:\/\/museedelacotenord.ca\/wp-content\/uploads\/2025\/02\/musee-cn-dev-durable.png\",\"contentUrl\":\"https:\/\/museedelacotenord.ca\/wp-content\/uploads\/2025\/02\/musee-cn-dev-durable.png\"},{\"@type\":\"BreadcrumbList\",\"@id\":\"https:\/\/museedelacotenord.ca\/en\/about\/sustainability-approach\/#breadcrumb\",\"itemListElement\":[{\"@type\":\"ListItem\",\"position\":1,\"name\":\"Home\",\"item\":\"https:\/\/museedelacotenord.ca\/en\/\"},{\"@type\":\"ListItem\",\"position\":2,\"name\":\"About\",\"item\":\"https:\/\/museedelacotenord.ca\/en\/about\/\"},{\"@type\":\"ListItem\",\"position\":3,\"name\":\"Sustainability approach\"}]},{\"@type\":\"WebSite\",\"@id\":\"https:\/\/museedelacotenord.ca\/en\/#website\",\"url\":\"https:\/\/museedelacotenord.ca\/en\/\",\"name\":\"Mus\u00e9e de la C\u00f4te-Nord\",\"description\":\"\",\"publisher\":{\"@id\":\"https:\/\/museedelacotenord.ca\/en\/#organization\"},\"potentialAction\":[{\"@type\":\"SearchAction\",\"target\":{\"@type\":\"EntryPoint\",\"urlTemplate\":\"https:\/\/museedelacotenord.ca\/en\/?s={search_term_string}\"},\"query-input\":{\"@type\":\"PropertyValueSpecification\",\"valueRequired\":true,\"valueName\":\"search_term_string\"}}],\"inLanguage\":\"en-US\"},{\"@type\":\"Organization\",\"@id\":\"https:\/\/museedelacotenord.ca\/en\/#organization\",\"name\":\"Mus\u00e9e de la C\u00f4te-Nord\",\"url\":\"https:\/\/museedelacotenord.ca\/en\/\",\"logo\":{\"@type\":\"ImageObject\",\"inLanguage\":\"en-US\",\"@id\":\"https:\/\/museedelacotenord.ca\/en\/#\/schema\/logo\/image\/\",\"url\":\"https:\/\/museedelacotenord.ca\/wp-content\/uploads\/2024\/10\/Logo.svg\",\"contentUrl\":\"https:\/\/museedelacotenord.ca\/wp-content\/uploads\/2024\/10\/Logo.svg\",\"width\":121,\"height\":65,\"caption\":\"Mus\u00e9e de la C\u00f4te-Nord\"},\"image\":{\"@id\":\"https:\/\/museedelacotenord.ca\/en\/#\/schema\/logo\/image\/\"},\"sameAs\":[\"https:\/\/web.facebook.com\/musee.cote.nord\/\",\"https:\/\/www.youtube.com\/channel\/UCn8cUNXXQ5W8qnuUIfjdsvQ\"]}]}<\/script>\n<!-- \/ Yoast SEO plugin. -->","yoast_head_json":{"title":"Sustainability approach | Mus\u00e9e de la C\u00f4te-Nord","robots":{"index":"index","follow":"follow","max-snippet":"max-snippet:-1","max-image-preview":"max-image-preview:large","max-video-preview":"max-video-preview:-1"},"canonical":"https:\/\/museedelacotenord.ca\/en\/about\/sustainability-approach\/","og_locale":"en_US","og_type":"article","og_title":"Sustainability approach | Mus\u00e9e de la C\u00f4te-Nord","og_description":"Sustainability approach While the Mus\u00e9e\u2019s patrons and members are mainly rooted in the Sept-Rivi\u00e8res region, its regional mandate means it must be present in, or at least sensitive to, cultural activities in this large territory. It is worth noting that taking part in some special projects and exchanging services (such as depositing external collections into [&hellip;]","og_url":"https:\/\/museedelacotenord.ca\/en\/about\/sustainability-approach\/","og_site_name":"Mus\u00e9e de la C\u00f4te-Nord","article_publisher":"https:\/\/web.facebook.com\/musee.cote.nord\/","article_modified_time":"2025-08-20T12:00:37+00:00","og_image":[{"width":579,"height":436,"url":"https:\/\/museedelacotenord.ca\/wp-content\/uploads\/2025\/02\/musee-cn-dev-durable.png","type":"image\/png"}],"twitter_card":"summary_large_image","twitter_misc":{"Est. reading time":"3 minutes"},"schema":{"@context":"https:\/\/schema.org","@graph":[{"@type":"WebPage","@id":"https:\/\/museedelacotenord.ca\/en\/about\/sustainability-approach\/","url":"https:\/\/museedelacotenord.ca\/en\/about\/sustainability-approach\/","name":"Sustainability approach | Mus\u00e9e de la C\u00f4te-Nord","isPartOf":{"@id":"https:\/\/museedelacotenord.ca\/en\/#website"},"primaryImageOfPage":{"@id":"https:\/\/museedelacotenord.ca\/en\/about\/sustainability-approach\/#primaryimage"},"image":{"@id":"https:\/\/museedelacotenord.ca\/en\/about\/sustainability-approach\/#primaryimage"},"thumbnailUrl":"https:\/\/museedelacotenord.ca\/wp-content\/uploads\/2025\/02\/musee-cn-dev-durable.png","datePublished":"2025-01-09T11:20:21+00:00","dateModified":"2025-08-20T12:00:37+00:00","breadcrumb":{"@id":"https:\/\/museedelacotenord.ca\/en\/about\/sustainability-approach\/#breadcrumb"},"inLanguage":"en-US","potentialAction":[{"@type":"ReadAction","target":["https:\/\/museedelacotenord.ca\/en\/about\/sustainability-approach\/"]}]},{"@type":"ImageObject","inLanguage":"en-US","@id":"https:\/\/museedelacotenord.ca\/en\/about\/sustainability-approach\/#primaryimage","url":"https:\/\/museedelacotenord.ca\/wp-content\/uploads\/2025\/02\/musee-cn-dev-durable.png","contentUrl":"https:\/\/museedelacotenord.ca\/wp-content\/uploads\/2025\/02\/musee-cn-dev-durable.png"},{"@type":"BreadcrumbList","@id":"https:\/\/museedelacotenord.ca\/en\/about\/sustainability-approach\/#breadcrumb","itemListElement":[{"@type":"ListItem","position":1,"name":"Home","item":"https:\/\/museedelacotenord.ca\/en\/"},{"@type":"ListItem","position":2,"name":"About","item":"https:\/\/museedelacotenord.ca\/en\/about\/"},{"@type":"ListItem","position":3,"name":"Sustainability approach"}]},{"@type":"WebSite","@id":"https:\/\/museedelacotenord.ca\/en\/#website","url":"https:\/\/museedelacotenord.ca\/en\/","name":"Mus\u00e9e de la C\u00f4te-Nord","description":"","publisher":{"@id":"https:\/\/museedelacotenord.ca\/en\/#organization"},"potentialAction":[{"@type":"SearchAction","target":{"@type":"EntryPoint","urlTemplate":"https:\/\/museedelacotenord.ca\/en\/?s={search_term_string}"},"query-input":{"@type":"PropertyValueSpecification","valueRequired":true,"valueName":"search_term_string"}}],"inLanguage":"en-US"},{"@type":"Organization","@id":"https:\/\/museedelacotenord.ca\/en\/#organization","name":"Mus\u00e9e de la C\u00f4te-Nord","url":"https:\/\/museedelacotenord.ca\/en\/","logo":{"@type":"ImageObject","inLanguage":"en-US","@id":"https:\/\/museedelacotenord.ca\/en\/#\/schema\/logo\/image\/","url":"https:\/\/museedelacotenord.ca\/wp-content\/uploads\/2024\/10\/Logo.svg","contentUrl":"https:\/\/museedelacotenord.ca\/wp-content\/uploads\/2024\/10\/Logo.svg","width":121,"height":65,"caption":"Mus\u00e9e de la C\u00f4te-Nord"},"image":{"@id":"https:\/\/museedelacotenord.ca\/en\/#\/schema\/logo\/image\/"},"sameAs":["https:\/\/web.facebook.com\/musee.cote.nord\/","https:\/\/www.youtube.com\/channel\/UCn8cUNXXQ5W8qnuUIfjdsvQ"]}]}},"_links":{"self":[{"href":"https:\/\/museedelacotenord.ca\/en\/wp-json\/wp\/v2\/pages\/6376","targetHints":{"allow":["GET"]}}],"collection":[{"href":"https:\/\/museedelacotenord.ca\/en\/wp-json\/wp\/v2\/pages"}],"about":[{"href":"https:\/\/museedelacotenord.ca\/en\/wp-json\/wp\/v2\/types\/page"}],"author":[{"embeddable":true,"href":"https:\/\/museedelacotenord.ca\/en\/wp-json\/wp\/v2\/users\/5"}],"replies":[{"embeddable":true,"href":"https:\/\/museedelacotenord.ca\/en\/wp-json\/wp\/v2\/comments?post=6376"}],"version-history":[{"count":7,"href":"https:\/\/museedelacotenord.ca\/en\/wp-json\/wp\/v2\/pages\/6376\/revisions"}],"predecessor-version":[{"id":7340,"href":"https:\/\/museedelacotenord.ca\/en\/wp-json\/wp\/v2\/pages\/6376\/revisions\/7340"}],"up":[{"embeddable":true,"href":"https:\/\/museedelacotenord.ca\/en\/wp-json\/wp\/v2\/pages\/6862"}],"wp:attachment":[{"href":"https:\/\/museedelacotenord.ca\/en\/wp-json\/wp\/v2\/media?parent=6376"}],"curies":[{"name":"wp","href":"https:\/\/api.w.org\/{rel}","templated":true}]}}