{"id":6386,"date":"2025-01-09T06:21:03","date_gmt":"2025-01-09T11:21:03","guid":{"rendered":"https:\/\/museedelacotenord.ca\/?page_id=6386"},"modified":"2025-08-20T08:02:28","modified_gmt":"2025-08-20T12:02:28","slug":"room-hire","status":"publish","type":"page","link":"https:\/\/museedelacotenord.ca\/en\/about\/room-hire\/","title":{"rendered":"Room hire"},"content":{"rendered":"\t\t<div data-elementor-type=\"wp-page\" data-elementor-id=\"6386\" class=\"elementor elementor-6386 elementor-863\" data-elementor-post-type=\"page\">\n\t\t\t\t<div class=\"elementor-element elementor-element-141b0b1 e-flex e-con-boxed elementor-invisible e-con e-parent\" data-id=\"141b0b1\" data-element_type=\"container\" data-settings=\"{&quot;background_background&quot;:&quot;classic&quot;,&quot;jet_parallax_layout_list&quot;:[],&quot;animation&quot;:&quot;fadeIn&quot;}\">\n\t\t\t\t\t<div class=\"e-con-inner\">\n\t\t<div class=\"elementor-element elementor-element-442524a4 e-con-full e-flex e-con e-child\" data-id=\"442524a4\" data-element_type=\"container\" data-settings=\"{&quot;jet_parallax_layout_list&quot;:[],&quot;background_background&quot;:&quot;classic&quot;,&quot;background_motion_fx_motion_fx_scrolling&quot;:&quot;yes&quot;,&quot;background_motion_fx_devices&quot;:[&quot;desktop&quot;,&quot;tablet&quot;,&quot;mobile&quot;]}\">\n\t\t\t\t<div class=\"elementor-element elementor-element-5fb52056 elementor-invisible elementor-widget elementor-widget-image\" data-id=\"5fb52056\" data-element_type=\"widget\" data-settings=\"{&quot;_animation&quot;:&quot;fadeInUp&quot;}\" data-widget_type=\"image.default\">\n\t\t\t\t<div class=\"elementor-widget-container\">\n\t\t\t\t\t\t\t\t\t\t\t\t\t\t\t<img fetchpriority=\"high\" decoding=\"async\" width=\"579\" height=\"436\" src=\"https:\/\/museedelacotenord.ca\/wp-content\/uploads\/2025\/02\/musee-cn-location-agora-3.png\" class=\"attachment-large size-large wp-image-2609\" alt=\"\" srcset=\"https:\/\/museedelacotenord.ca\/wp-content\/uploads\/2025\/02\/musee-cn-location-agora-3.png 579w, https:\/\/museedelacotenord.ca\/wp-content\/uploads\/2025\/02\/musee-cn-location-agora-3-300x226.png 300w\" sizes=\"(max-width: 579px) 100vw, 579px\" \/>\t\t\t\t\t\t\t\t\t\t\t\t\t\t\t<\/div>\n\t\t\t\t<\/div>\n\t\t\t\t<\/div>\n\t\t<div class=\"elementor-element elementor-element-12f84bc3 e-con-full e-flex e-con e-child\" data-id=\"12f84bc3\" data-element_type=\"container\" data-settings=\"{&quot;jet_parallax_layout_list&quot;:[]}\">\n\t\t\t\t<div class=\"elementor-element elementor-element-fc6101e elementor-widget-mobile__width-inherit elementor-icon-list--layout-traditional elementor-list-item-link-full_width elementor-invisible elementor-widget elementor-widget-icon-list\" data-id=\"fc6101e\" data-element_type=\"widget\" data-settings=\"{&quot;_animation&quot;:&quot;fadeInUp&quot;}\" data-widget_type=\"icon-list.default\">\n\t\t\t\t<div class=\"elementor-widget-container\">\n\t\t\t\t\t\t\t<ul class=\"elementor-icon-list-items\">\n\t\t\t\t\t\t\t<li class=\"elementor-icon-list-item\">\n\t\t\t\t\t\t\t\t\t\t\t<span class=\"elementor-icon-list-icon\">\n\t\t\t\t\t\t\t<svg aria-hidden=\"true\" class=\"e-font-icon-svg e-fas-dot-circle\" viewBox=\"0 0 512 512\" xmlns=\"http:\/\/www.w3.org\/2000\/svg\"><path d=\"M256 8C119.033 8 8 119.033 8 256s111.033 248 248 248 248-111.033 248-248S392.967 8 256 8zm80 248c0 44.112-35.888 80-80 80s-80-35.888-80-80 35.888-80 80-80 80 35.888 80 80z\"><\/path><\/svg>\t\t\t\t\t\t<\/span>\n\t\t\t\t\t\t\t\t\t\t<span class=\"elementor-icon-list-text\">Agora: 50 seats<\/span>\n\t\t\t\t\t\t\t\t\t<\/li>\n\t\t\t\t\t\t\t\t<li class=\"elementor-icon-list-item\">\n\t\t\t\t\t\t\t\t\t\t\t<span class=\"elementor-icon-list-icon\">\n\t\t\t\t\t\t\t<svg aria-hidden=\"true\" class=\"e-font-icon-svg e-fas-dot-circle\" viewBox=\"0 0 512 512\" xmlns=\"http:\/\/www.w3.org\/2000\/svg\"><path d=\"M256 8C119.033 8 8 119.033 8 256s111.033 248 248 248 248-111.033 248-248S392.967 8 256 8zm80 248c0 44.112-35.888 80-80 80s-80-35.888-80-80 35.888-80 80-80 80 35.888 80 80z\"><\/path><\/svg>\t\t\t\t\t\t<\/span>\n\t\t\t\t\t\t\t\t\t\t<span class=\"elementor-icon-list-text\">Youth room : 25 seats<\/span>\n\t\t\t\t\t\t\t\t\t<\/li>\n\t\t\t\t\t\t<\/ul>\n\t\t\t\t\t\t<\/div>\n\t\t\t\t<\/div>\n\t\t\t\t<div class=\"elementor-element elementor-element-24f69998 elementor-widget__width-inherit elementor-invisible elementor-widget elementor-widget-text-editor\" data-id=\"24f69998\" data-element_type=\"widget\" data-settings=\"{&quot;_animation&quot;:&quot;fadeInUp&quot;}\" data-widget_type=\"text-editor.default\">\n\t\t\t\t<div class=\"elementor-widget-container\">\n\t\t\t\t\t\t\t\t\t<p>When you hire a room at the Mus\u00e9e, you gain access to an agora in an open space at the heart of the Mus\u00e9e, a multipurpose room and the exhibition rooms to clear the mind between two work sessions!<\/p><p>Our team will be delighted to assist you in planning and organizing your event.<\/p>\t\t\t\t\t\t\t\t<\/div>\n\t\t\t\t<\/div>\n\t\t<div class=\"elementor-element elementor-element-f94f1b3 e-con-full e-flex e-con e-child\" data-id=\"f94f1b3\" data-element_type=\"container\" data-settings=\"{&quot;jet_parallax_layout_list&quot;:[]}\">\n\t\t\t\t<div class=\"elementor-element elementor-element-46069fe elementor-widget__width-inherit elementor-invisible elementor-widget elementor-widget-text-editor\" data-id=\"46069fe\" data-element_type=\"widget\" data-settings=\"{&quot;_animation&quot;:&quot;fadeInUp&quot;}\" data-widget_type=\"text-editor.default\">\n\t\t\t\t<div class=\"elementor-widget-container\">\n\t\t\t\t\t\t\t\t\t<p>Contact Johanne Savoie :<\/p>\t\t\t\t\t\t\t\t<\/div>\n\t\t\t\t<\/div>\n\t\t\t\t<div class=\"elementor-element elementor-element-217c10e elementor-icon-list--layout-inline elementor-list-item-link-full_width elementor-invisible elementor-widget elementor-widget-icon-list\" data-id=\"217c10e\" data-element_type=\"widget\" data-settings=\"{&quot;_animation&quot;:&quot;fadeInUp&quot;}\" data-widget_type=\"icon-list.default\">\n\t\t\t\t<div class=\"elementor-widget-container\">\n\t\t\t\t\t\t\t<ul class=\"elementor-icon-list-items elementor-inline-items\">\n\t\t\t\t\t\t\t<li class=\"elementor-icon-list-item elementor-inline-item\">\n\t\t\t\t\t\t\t\t\t\t\t<span class=\"elementor-icon-list-icon\">\n\t\t\t\t\t\t\t<svg aria-hidden=\"true\" class=\"e-font-icon-svg e-fas-phone\" viewBox=\"0 0 512 512\" xmlns=\"http:\/\/www.w3.org\/2000\/svg\"><path d=\"M493.4 24.6l-104-24c-11.3-2.6-22.9 3.3-27.5 13.9l-48 112c-4.2 9.8-1.4 21.3 6.9 28l60.6 49.6c-36 76.7-98.9 140.5-177.2 177.2l-49.6-60.6c-6.8-8.3-18.2-11.1-28-6.9l-112 48C3.9 366.5-2 378.1.6 389.4l24 104C27.1 504.2 36.7 512 48 512c256.1 0 464-207.5 464-464 0-11.2-7.7-20.9-18.6-23.4z\"><\/path><\/svg>\t\t\t\t\t\t<\/span>\n\t\t\t\t\t\t\t\t\t\t<span class=\"elementor-icon-list-text\">418 968-2070 (station 23)<\/span>\n\t\t\t\t\t\t\t\t\t<\/li>\n\t\t\t\t\t\t\t\t<li class=\"elementor-icon-list-item elementor-inline-item\">\n\t\t\t\t\t\t\t\t\t\t\t<span class=\"elementor-icon-list-icon\">\n\t\t\t\t\t\t\t<svg aria-hidden=\"true\" class=\"e-font-icon-svg e-fas-envelope\" viewBox=\"0 0 512 512\" xmlns=\"http:\/\/www.w3.org\/2000\/svg\"><path d=\"M502.3 190.8c3.9-3.1 9.7-.2 9.7 4.7V400c0 26.5-21.5 48-48 48H48c-26.5 0-48-21.5-48-48V195.6c0-5 5.7-7.8 9.7-4.7 22.4 17.4 52.1 39.5 154.1 113.6 21.1 15.4 56.7 47.8 92.2 47.6 35.7.3 72-32.8 92.3-47.6 102-74.1 131.6-96.3 154-113.7zM256 320c23.2.4 56.6-29.2 73.4-41.4 132.7-96.3 142.8-104.7 173.4-128.7 5.8-4.5 9.2-11.5 9.2-18.9v-19c0-26.5-21.5-48-48-48H48C21.5 64 0 85.5 0 112v19c0 7.4 3.4 14.3 9.2 18.9 30.6 23.9 40.7 32.4 173.4 128.7 16.8 12.2 50.2 41.8 73.4 41.4z\"><\/path><\/svg>\t\t\t\t\t\t<\/span>\n\t\t\t\t\t\t\t\t\t\t<span class=\"elementor-icon-list-text\">johanne.savoie@mrcn.qc.ca<\/span>\n\t\t\t\t\t\t\t\t\t<\/li>\n\t\t\t\t\t\t<\/ul>\n\t\t\t\t\t\t<\/div>\n\t\t\t\t<\/div>\n\t\t\t\t<\/div>\n\t\t\t\t<\/div>\n\t\t\t\t\t<\/div>\n\t\t\t\t<\/div>\n\t\t<div class=\"elementor-element elementor-element-e110e1c e-flex e-con-boxed elementor-invisible e-con e-parent\" data-id=\"e110e1c\" data-element_type=\"container\" data-settings=\"{&quot;background_background&quot;:&quot;classic&quot;,&quot;jet_parallax_layout_list&quot;:[],&quot;animation&quot;:&quot;fadeIn&quot;}\">\n\t\t\t\t\t<div class=\"e-con-inner\">\n\t\t<div class=\"elementor-element elementor-element-7be429d5 e-con-full e-flex e-con e-child\" data-id=\"7be429d5\" data-element_type=\"container\" data-settings=\"{&quot;jet_parallax_layout_list&quot;:[]}\">\n\t\t\t\t<div class=\"elementor-element elementor-element-32582d9a elementor-invisible elementor-widget elementor-widget-text-editor\" data-id=\"32582d9a\" data-element_type=\"widget\" data-settings=\"{&quot;_animation&quot;:&quot;fadeInUp&quot;}\" data-widget_type=\"text-editor.default\">\n\t\t\t\t<div class=\"elementor-widget-container\">\n\t\t\t\t\t\t\t\t\t<div class=\"flex max-w-full flex-col flex-grow\"><div class=\"min-h-8 text-message flex w-full flex-col items-end gap-2 whitespace-normal break-words text-start [.text-message+&amp;]:mt-5\" dir=\"auto\" data-message-author-role=\"assistant\" data-message-id=\"3995196c-90d3-4a8b-9fe9-f2641db03488\" data-message-model-slug=\"gpt-4o\"><div class=\"flex w-full flex-col gap-1 empty:hidden first:pt-[3px]\"><div class=\"markdown prose w-full break-words dark:prose-invert light\"><p>Explore the sizes and layouts of our spaces.<br \/><br \/><\/p><\/div><\/div><\/div><\/div>\t\t\t\t\t\t\t\t<\/div>\n\t\t\t\t<\/div>\n\t\t\t\t<div class=\"elementor-element elementor-element-10a84327 elementor-invisible elementor-widget elementor-widget-button\" data-id=\"10a84327\" data-element_type=\"widget\" data-settings=\"{&quot;_animation&quot;:&quot;fadeInUp&quot;}\" data-widget_type=\"button.default\">\n\t\t\t\t<div class=\"elementor-widget-container\">\n\t\t\t\t\t\t\t\t\t<div class=\"elementor-button-wrapper\">\n\t\t\t\t\t<a class=\"elementor-button elementor-button-link elementor-size-sm\" href=\"\/en\/about\/blueprints-and-specifications\/\">\n\t\t\t\t\t\t<span class=\"elementor-button-content-wrapper\">\n\t\t\t\t\t\t\t\t\t<span class=\"elementor-button-text\">Blueprints and specifications<\/span>\n\t\t\t\t\t<\/span>\n\t\t\t\t\t<\/a>\n\t\t\t\t<\/div>\n\t\t\t\t\t\t\t\t<\/div>\n\t\t\t\t<\/div>\n\t\t\t\t<div class=\"elementor-element elementor-element-4b4fdc6 elementor-invisible elementor-widget elementor-widget-heading\" data-id=\"4b4fdc6\" data-element_type=\"widget\" data-settings=\"{&quot;_animation&quot;:&quot;fadeInUp&quot;}\" data-widget_type=\"heading.default\">\n\t\t\t\t<div class=\"elementor-widget-container\">\n\t\t\t\t\t<h2 class=\"elementor-heading-title elementor-size-default\">Blueprints and specifications<\/h2>\t\t\t\t<\/div>\n\t\t\t\t<\/div>\n\t\t\t\t<\/div>\n\t\t<div class=\"elementor-element elementor-element-712b99b0 e-con-full e-flex e-con e-child\" data-id=\"712b99b0\" data-element_type=\"container\" data-settings=\"{&quot;jet_parallax_layout_list&quot;:[],&quot;background_background&quot;:&quot;classic&quot;}\">\n\t\t\t\t<div class=\"elementor-element elementor-element-7acb6a73 elementor-invisible elementor-widget elementor-widget-image\" data-id=\"7acb6a73\" data-element_type=\"widget\" data-settings=\"{&quot;_animation&quot;:&quot;fadeInUp&quot;}\" data-widget_type=\"image.default\">\n\t\t\t\t<div class=\"elementor-widget-container\">\n\t\t\t\t\t\t\t\t\t\t\t\t\t\t\t<img decoding=\"async\" width=\"579\" height=\"436\" src=\"https:\/\/museedelacotenord.ca\/wp-content\/uploads\/2025\/02\/musee-cn-sallexpo.png\" class=\"attachment-large size-large wp-image-2611\" alt=\"\" srcset=\"https:\/\/museedelacotenord.ca\/wp-content\/uploads\/2025\/02\/musee-cn-sallexpo.png 579w, https:\/\/museedelacotenord.ca\/wp-content\/uploads\/2025\/02\/musee-cn-sallexpo-300x226.png 300w\" sizes=\"(max-width: 579px) 100vw, 579px\" \/>\t\t\t\t\t\t\t\t\t\t\t\t\t\t\t<\/div>\n\t\t\t\t<\/div>\n\t\t\t\t<\/div>\n\t\t\t\t\t<\/div>\n\t\t\t\t<\/div>\n\t\t\t\t<\/div>\n\t\t","protected":false},"excerpt":{"rendered":"<p>Agora: 50 seats Youth room : 25 seats When you hire a room at the Mus\u00e9e, you gain access to an agora in an open space at the heart of the Mus\u00e9e, a multipurpose room and the exhibition rooms to clear the mind between two work sessions! Our team will be delighted to assist you [&hellip;]<\/p>\n","protected":false},"author":5,"featured_media":0,"parent":6862,"menu_order":2,"comment_status":"closed","ping_status":"closed","template":"","meta":{"_acf_changed":false,"footnotes":""},"class_list":["post-6386","page","type-page","status-publish","hentry"],"acf":[],"yoast_head":"<!-- This site is optimized with the Yoast SEO plugin v25.7 - https:\/\/yoast.com\/wordpress\/plugins\/seo\/ -->\n<title>Room hire | Mus\u00e9e de la C\u00f4te-Nord<\/title>\n<meta name=\"robots\" content=\"index, follow, max-snippet:-1, max-image-preview:large, max-video-preview:-1\" \/>\n<link rel=\"canonical\" href=\"https:\/\/museedelacotenord.ca\/en\/about\/room-hire\/\" \/>\n<meta property=\"og:locale\" content=\"en_US\" \/>\n<meta property=\"og:type\" content=\"article\" \/>\n<meta property=\"og:title\" content=\"Room hire | Mus\u00e9e de la C\u00f4te-Nord\" \/>\n<meta property=\"og:description\" content=\"Agora: 50 seats Youth room : 25 seats When you hire a room at the Mus\u00e9e, you gain access to an agora in an open space at the heart of the Mus\u00e9e, a multipurpose room and the exhibition rooms to clear the mind between two work sessions! Our team will be delighted to assist you [&hellip;]\" \/>\n<meta property=\"og:url\" content=\"https:\/\/museedelacotenord.ca\/en\/about\/room-hire\/\" \/>\n<meta property=\"og:site_name\" content=\"Mus\u00e9e de la C\u00f4te-Nord\" \/>\n<meta property=\"article:publisher\" content=\"https:\/\/web.facebook.com\/musee.cote.nord\/\" \/>\n<meta property=\"article:modified_time\" content=\"2025-08-20T12:02:28+00:00\" \/>\n<meta property=\"og:image\" content=\"https:\/\/museedelacotenord.ca\/wp-content\/uploads\/2025\/02\/musee-cn-location-agora-3.png\" \/>\n\t<meta property=\"og:image:width\" content=\"579\" \/>\n\t<meta property=\"og:image:height\" content=\"436\" \/>\n\t<meta property=\"og:image:type\" content=\"image\/png\" \/>\n<meta name=\"twitter:card\" content=\"summary_large_image\" \/>\n<meta name=\"twitter:label1\" content=\"Est. reading time\" \/>\n\t<meta name=\"twitter:data1\" content=\"1 minute\" \/>\n<script type=\"application\/ld+json\" class=\"yoast-schema-graph\">{\"@context\":\"https:\/\/schema.org\",\"@graph\":[{\"@type\":\"WebPage\",\"@id\":\"https:\/\/museedelacotenord.ca\/en\/about\/room-hire\/\",\"url\":\"https:\/\/museedelacotenord.ca\/en\/about\/room-hire\/\",\"name\":\"Room hire | Mus\u00e9e de la C\u00f4te-Nord\",\"isPartOf\":{\"@id\":\"https:\/\/museedelacotenord.ca\/en\/#website\"},\"primaryImageOfPage\":{\"@id\":\"https:\/\/museedelacotenord.ca\/en\/about\/room-hire\/#primaryimage\"},\"image\":{\"@id\":\"https:\/\/museedelacotenord.ca\/en\/about\/room-hire\/#primaryimage\"},\"thumbnailUrl\":\"https:\/\/museedelacotenord.ca\/wp-content\/uploads\/2025\/02\/musee-cn-location-agora-3.png\",\"datePublished\":\"2025-01-09T11:21:03+00:00\",\"dateModified\":\"2025-08-20T12:02:28+00:00\",\"breadcrumb\":{\"@id\":\"https:\/\/museedelacotenord.ca\/en\/about\/room-hire\/#breadcrumb\"},\"inLanguage\":\"en-US\",\"potentialAction\":[{\"@type\":\"ReadAction\",\"target\":[\"https:\/\/museedelacotenord.ca\/en\/about\/room-hire\/\"]}]},{\"@type\":\"ImageObject\",\"inLanguage\":\"en-US\",\"@id\":\"https:\/\/museedelacotenord.ca\/en\/about\/room-hire\/#primaryimage\",\"url\":\"https:\/\/museedelacotenord.ca\/wp-content\/uploads\/2025\/02\/musee-cn-location-agora-3.png\",\"contentUrl\":\"https:\/\/museedelacotenord.ca\/wp-content\/uploads\/2025\/02\/musee-cn-location-agora-3.png\"},{\"@type\":\"BreadcrumbList\",\"@id\":\"https:\/\/museedelacotenord.ca\/en\/about\/room-hire\/#breadcrumb\",\"itemListElement\":[{\"@type\":\"ListItem\",\"position\":1,\"name\":\"Home\",\"item\":\"https:\/\/museedelacotenord.ca\/en\/\"},{\"@type\":\"ListItem\",\"position\":2,\"name\":\"About\",\"item\":\"https:\/\/museedelacotenord.ca\/en\/about\/\"},{\"@type\":\"ListItem\",\"position\":3,\"name\":\"Room hire\"}]},{\"@type\":\"WebSite\",\"@id\":\"https:\/\/museedelacotenord.ca\/en\/#website\",\"url\":\"https:\/\/museedelacotenord.ca\/en\/\",\"name\":\"Mus\u00e9e de la C\u00f4te-Nord\",\"description\":\"\",\"publisher\":{\"@id\":\"https:\/\/museedelacotenord.ca\/en\/#organization\"},\"potentialAction\":[{\"@type\":\"SearchAction\",\"target\":{\"@type\":\"EntryPoint\",\"urlTemplate\":\"https:\/\/museedelacotenord.ca\/en\/?s={search_term_string}\"},\"query-input\":{\"@type\":\"PropertyValueSpecification\",\"valueRequired\":true,\"valueName\":\"search_term_string\"}}],\"inLanguage\":\"en-US\"},{\"@type\":\"Organization\",\"@id\":\"https:\/\/museedelacotenord.ca\/en\/#organization\",\"name\":\"Mus\u00e9e de la C\u00f4te-Nord\",\"url\":\"https:\/\/museedelacotenord.ca\/en\/\",\"logo\":{\"@type\":\"ImageObject\",\"inLanguage\":\"en-US\",\"@id\":\"https:\/\/museedelacotenord.ca\/en\/#\/schema\/logo\/image\/\",\"url\":\"https:\/\/museedelacotenord.ca\/wp-content\/uploads\/2024\/10\/Logo.svg\",\"contentUrl\":\"https:\/\/museedelacotenord.ca\/wp-content\/uploads\/2024\/10\/Logo.svg\",\"width\":121,\"height\":65,\"caption\":\"Mus\u00e9e de la C\u00f4te-Nord\"},\"image\":{\"@id\":\"https:\/\/museedelacotenord.ca\/en\/#\/schema\/logo\/image\/\"},\"sameAs\":[\"https:\/\/web.facebook.com\/musee.cote.nord\/\",\"https:\/\/www.youtube.com\/channel\/UCn8cUNXXQ5W8qnuUIfjdsvQ\"]}]}<\/script>\n<!-- \/ Yoast SEO plugin. -->","yoast_head_json":{"title":"Room hire | Mus\u00e9e de la C\u00f4te-Nord","robots":{"index":"index","follow":"follow","max-snippet":"max-snippet:-1","max-image-preview":"max-image-preview:large","max-video-preview":"max-video-preview:-1"},"canonical":"https:\/\/museedelacotenord.ca\/en\/about\/room-hire\/","og_locale":"en_US","og_type":"article","og_title":"Room hire | Mus\u00e9e de la C\u00f4te-Nord","og_description":"Agora: 50 seats Youth room : 25 seats When you hire a room at the Mus\u00e9e, you gain access to an agora in an open space at the heart of the Mus\u00e9e, a multipurpose room and the exhibition rooms to clear the mind between two work sessions! Our team will be delighted to assist you [&hellip;]","og_url":"https:\/\/museedelacotenord.ca\/en\/about\/room-hire\/","og_site_name":"Mus\u00e9e de la C\u00f4te-Nord","article_publisher":"https:\/\/web.facebook.com\/musee.cote.nord\/","article_modified_time":"2025-08-20T12:02:28+00:00","og_image":[{"width":579,"height":436,"url":"https:\/\/museedelacotenord.ca\/wp-content\/uploads\/2025\/02\/musee-cn-location-agora-3.png","type":"image\/png"}],"twitter_card":"summary_large_image","twitter_misc":{"Est. reading time":"1 minute"},"schema":{"@context":"https:\/\/schema.org","@graph":[{"@type":"WebPage","@id":"https:\/\/museedelacotenord.ca\/en\/about\/room-hire\/","url":"https:\/\/museedelacotenord.ca\/en\/about\/room-hire\/","name":"Room hire | Mus\u00e9e de la C\u00f4te-Nord","isPartOf":{"@id":"https:\/\/museedelacotenord.ca\/en\/#website"},"primaryImageOfPage":{"@id":"https:\/\/museedelacotenord.ca\/en\/about\/room-hire\/#primaryimage"},"image":{"@id":"https:\/\/museedelacotenord.ca\/en\/about\/room-hire\/#primaryimage"},"thumbnailUrl":"https:\/\/museedelacotenord.ca\/wp-content\/uploads\/2025\/02\/musee-cn-location-agora-3.png","datePublished":"2025-01-09T11:21:03+00:00","dateModified":"2025-08-20T12:02:28+00:00","breadcrumb":{"@id":"https:\/\/museedelacotenord.ca\/en\/about\/room-hire\/#breadcrumb"},"inLanguage":"en-US","potentialAction":[{"@type":"ReadAction","target":["https:\/\/museedelacotenord.ca\/en\/about\/room-hire\/"]}]},{"@type":"ImageObject","inLanguage":"en-US","@id":"https:\/\/museedelacotenord.ca\/en\/about\/room-hire\/#primaryimage","url":"https:\/\/museedelacotenord.ca\/wp-content\/uploads\/2025\/02\/musee-cn-location-agora-3.png","contentUrl":"https:\/\/museedelacotenord.ca\/wp-content\/uploads\/2025\/02\/musee-cn-location-agora-3.png"},{"@type":"BreadcrumbList","@id":"https:\/\/museedelacotenord.ca\/en\/about\/room-hire\/#breadcrumb","itemListElement":[{"@type":"ListItem","position":1,"name":"Home","item":"https:\/\/museedelacotenord.ca\/en\/"},{"@type":"ListItem","position":2,"name":"About","item":"https:\/\/museedelacotenord.ca\/en\/about\/"},{"@type":"ListItem","position":3,"name":"Room hire"}]},{"@type":"WebSite","@id":"https:\/\/museedelacotenord.ca\/en\/#website","url":"https:\/\/museedelacotenord.ca\/en\/","name":"Mus\u00e9e de la C\u00f4te-Nord","description":"","publisher":{"@id":"https:\/\/museedelacotenord.ca\/en\/#organization"},"potentialAction":[{"@type":"SearchAction","target":{"@type":"EntryPoint","urlTemplate":"https:\/\/museedelacotenord.ca\/en\/?s={search_term_string}"},"query-input":{"@type":"PropertyValueSpecification","valueRequired":true,"valueName":"search_term_string"}}],"inLanguage":"en-US"},{"@type":"Organization","@id":"https:\/\/museedelacotenord.ca\/en\/#organization","name":"Mus\u00e9e de la C\u00f4te-Nord","url":"https:\/\/museedelacotenord.ca\/en\/","logo":{"@type":"ImageObject","inLanguage":"en-US","@id":"https:\/\/museedelacotenord.ca\/en\/#\/schema\/logo\/image\/","url":"https:\/\/museedelacotenord.ca\/wp-content\/uploads\/2024\/10\/Logo.svg","contentUrl":"https:\/\/museedelacotenord.ca\/wp-content\/uploads\/2024\/10\/Logo.svg","width":121,"height":65,"caption":"Mus\u00e9e de la C\u00f4te-Nord"},"image":{"@id":"https:\/\/museedelacotenord.ca\/en\/#\/schema\/logo\/image\/"},"sameAs":["https:\/\/web.facebook.com\/musee.cote.nord\/","https:\/\/www.youtube.com\/channel\/UCn8cUNXXQ5W8qnuUIfjdsvQ"]}]}},"_links":{"self":[{"href":"https:\/\/museedelacotenord.ca\/en\/wp-json\/wp\/v2\/pages\/6386","targetHints":{"allow":["GET"]}}],"collection":[{"href":"https:\/\/museedelacotenord.ca\/en\/wp-json\/wp\/v2\/pages"}],"about":[{"href":"https:\/\/museedelacotenord.ca\/en\/wp-json\/wp\/v2\/types\/page"}],"author":[{"embeddable":true,"href":"https:\/\/museedelacotenord.ca\/en\/wp-json\/wp\/v2\/users\/5"}],"replies":[{"embeddable":true,"href":"https:\/\/museedelacotenord.ca\/en\/wp-json\/wp\/v2\/comments?post=6386"}],"version-history":[{"count":7,"href":"https:\/\/museedelacotenord.ca\/en\/wp-json\/wp\/v2\/pages\/6386\/revisions"}],"predecessor-version":[{"id":7343,"href":"https:\/\/museedelacotenord.ca\/en\/wp-json\/wp\/v2\/pages\/6386\/revisions\/7343"}],"up":[{"embeddable":true,"href":"https:\/\/museedelacotenord.ca\/en\/wp-json\/wp\/v2\/pages\/6862"}],"wp:attachment":[{"href":"https:\/\/museedelacotenord.ca\/en\/wp-json\/wp\/v2\/media?parent=6386"}],"curies":[{"name":"wp","href":"https:\/\/api.w.org\/{rel}","templated":true}]}}